{"id":42645,"date":"2024-10-04T07:57:53","date_gmt":"2024-10-04T05:57:53","guid":{"rendered":"https:\/\/sundar.be\/product\/refectocil-silicone-pads-2-pieces\/"},"modified":"2025-08-04T13:46:12","modified_gmt":"2025-08-04T11:46:12","slug":"refectocil-silicone-pads-2-pieces","status":"publish","type":"product","link":"https:\/\/sundar.be\/fr\/produit\/refectocil-silicone-pads-2-pieces\/","title":{"rendered":"Refectocil Silicone Pads, 2 pi\u00e8ces"},"content":{"rendered":"<p>RefectoCil Silicone Pads est une alternative aux patchs pour cils et \u00e0 la cr\u00e8me de protection de la peau si vous \u00eates allergique \u00e0 ces produits. Ils sont \u00e9galement faciles \u00e0 laver et peuvent \u00eatre r\u00e9utilis\u00e9s jusqu&rsquo;\u00e0 100 fois.<\/p>\n","protected":false},"excerpt":{"rendered":"<p>RefectoCil Silicone Pads<\/p>\n","protected":false},"featured_media":42639,"comment_status":"open","ping_status":"closed","template":"","meta":{"_acf_changed":false},"product_brand":[],"product_cat":[4767,4446,4448],"product_tag":[],"class_list":{"0":"post-42645","1":"product","2":"type-product","3":"status-publish","4":"has-post-thumbnail","6":"product_cat-beaute","7":"product_cat-cils-sourcils","8":"product_cat-beaute-refectocil","10":"first","11":"instock","12":"taxable","13":"shipping-taxable","14":"product-type-simple"},"acf":[],"_links":{"self":[{"href":"https:\/\/sundar.be\/fr\/wp-json\/wp\/v2\/product\/42645","targetHints":{"allow":["GET"]}}],"collection":[{"href":"https:\/\/sundar.be\/fr\/wp-json\/wp\/v2\/product"}],"about":[{"href":"https:\/\/sundar.be\/fr\/wp-json\/wp\/v2\/types\/product"}],"replies":[{"embeddable":true,"href":"https:\/\/sundar.be\/fr\/wp-json\/wp\/v2\/comments?post=42645"}],"wp:featuredmedia":[{"embeddable":true,"href":"https:\/\/sundar.be\/fr\/wp-json\/wp\/v2\/media\/42639"}],"wp:attachment":[{"href":"https:\/\/sundar.be\/fr\/wp-json\/wp\/v2\/media?parent=42645"}],"wp:term":[{"taxonomy":"product_brand","embeddable":true,"href":"https:\/\/sundar.be\/fr\/wp-json\/wp\/v2\/product_brand?post=42645"},{"taxonomy":"product_cat","embeddable":true,"href":"https:\/\/sundar.be\/fr\/wp-json\/wp\/v2\/product_cat?post=42645"},{"taxonomy":"product_tag","embeddable":true,"href":"https:\/\/sundar.be\/fr\/wp-json\/wp\/v2\/product_tag?post=42645"}],"curies":[{"name":"wp","href":"https:\/\/api.w.org\/{rel}","templated":true}]}}