{"id":42640,"date":"2024-10-03T20:11:25","date_gmt":"2024-10-03T18:11:25","guid":{"rendered":"https:\/\/sundar.be\/product\/refectocil-sensitive-tint-remover-150-ml\/"},"modified":"2025-08-04T13:46:37","modified_gmt":"2025-08-04T11:46:37","slug":"refectocil-sensitive-tint-remover-150-ml","status":"publish","type":"product","link":"https:\/\/sundar.be\/fr\/produit\/refectocil-sensitive-tint-remover-150-ml\/","title":{"rendered":"Refectocil SENSITIVE Tint Remover, 150 ml"},"content":{"rendered":"<p>RefectoCil Tint Remover \u00e9limine rapidement les taches de peinture laiss\u00e9es sur la peau lors de la teinture des sourcils. Gr\u00e2ce \u00e0 sa formule douce, il convient \u00e9galement aux peaux sensibles. <\/p>\n<p><strong>Astuce :<\/strong> Plus la tache est trait\u00e9e rapidement, plus elle est facile \u00e0 enlever.<\/p>\n<div class=\"single-product-overview-details__product-tab-text single-product-overview-details__product-tab-text--is-active\" data-tab=\"description\">\n<div class=\"single-product-overview-details__product-tab-text-description\"><strong>Attention : <\/strong>Le Tint Remover de la peinture normale pour cils et sourcils RefectoCil n&rsquo;enl\u00e8ve pas la peinture RefectoCil Sensitive !<\/div>\n<\/div>\n<section class=\"brxe-section bg-body-styling\">\n<div id=\"brxe-cvmupb\" class=\"brxe-container\"><\/div>\n<\/section>\n","protected":false},"excerpt":{"rendered":"<p>L&rsquo;appareil RefectoCil Sensitive Tint Remover enl\u00e8ve la peinture de la peau en un rien de temps.<\/p>\n","protected":false},"featured_media":42634,"comment_status":"open","ping_status":"closed","template":"","meta":{"_acf_changed":false},"product_brand":[],"product_cat":[4767,4446,4448],"product_tag":[],"class_list":{"0":"post-42640","1":"product","2":"type-product","3":"status-publish","4":"has-post-thumbnail","6":"product_cat-beaute","7":"product_cat-cils-sourcils","8":"product_cat-beaute-refectocil","10":"first","11":"instock","12":"taxable","13":"shipping-taxable","14":"product-type-simple"},"acf":[],"_links":{"self":[{"href":"https:\/\/sundar.be\/fr\/wp-json\/wp\/v2\/product\/42640","targetHints":{"allow":["GET"]}}],"collection":[{"href":"https:\/\/sundar.be\/fr\/wp-json\/wp\/v2\/product"}],"about":[{"href":"https:\/\/sundar.be\/fr\/wp-json\/wp\/v2\/types\/product"}],"replies":[{"embeddable":true,"href":"https:\/\/sundar.be\/fr\/wp-json\/wp\/v2\/comments?post=42640"}],"wp:featuredmedia":[{"embeddable":true,"href":"https:\/\/sundar.be\/fr\/wp-json\/wp\/v2\/media\/42634"}],"wp:attachment":[{"href":"https:\/\/sundar.be\/fr\/wp-json\/wp\/v2\/media?parent=42640"}],"wp:term":[{"taxonomy":"product_brand","embeddable":true,"href":"https:\/\/sundar.be\/fr\/wp-json\/wp\/v2\/product_brand?post=42640"},{"taxonomy":"product_cat","embeddable":true,"href":"https:\/\/sundar.be\/fr\/wp-json\/wp\/v2\/product_cat?post=42640"},{"taxonomy":"product_tag","embeddable":true,"href":"https:\/\/sundar.be\/fr\/wp-json\/wp\/v2\/product_tag?post=42640"}],"curies":[{"name":"wp","href":"https:\/\/api.w.org\/{rel}","templated":true}]}}