{"id":42635,"date":"2024-10-03T20:05:18","date_gmt":"2024-10-03T18:05:18","guid":{"rendered":"https:\/\/sundar.be\/product\/refectocil-saline-solution-150-ml\/"},"modified":"2025-08-04T13:46:40","modified_gmt":"2025-08-04T11:46:40","slug":"refectocil-saline-solution-150-ml","status":"publish","type":"product","link":"https:\/\/sundar.be\/fr\/produit\/refectocil-saline-solution-150-ml\/","title":{"rendered":"Refectocil Saline Solution, 150 ml"},"content":{"rendered":"<p>La RefectoCil Saline Solution est id\u00e9ale pour nettoyer les cils avant un traitement de permanente ou apr\u00e8s la teinture. Cela garantit un r\u00e9sultat optimal de la solution de permanente lors du RefectoCil Eyelash Curl. <\/p>\n<p>Pour un r\u00e9sultat optimal avec RefectoCil Eyelash Curl ou la teinture pour cils et sourcils RefectoCil, nettoyez les paupi\u00e8res et les cils avec la RefectoCil Saline Solution apr\u00e8s avoir retir\u00e9 le maquillage des yeux. Cela garantit que les yeux sont parfaitement nettoy\u00e9s, ce qui est indispensable pour le Eyelash Curl. <\/p>\n","protected":false},"excerpt":{"rendered":"<p class=\"serp-title\">Refectocil Saline Solution<\/p>\n","protected":false},"featured_media":42621,"comment_status":"open","ping_status":"closed","template":"","meta":{"_acf_changed":false},"product_brand":[],"product_cat":[4767,4446,4448],"product_tag":[],"class_list":{"0":"post-42635","1":"product","2":"type-product","3":"status-publish","4":"has-post-thumbnail","6":"product_cat-beaute","7":"product_cat-cils-sourcils","8":"product_cat-beaute-refectocil","10":"first","11":"instock","12":"taxable","13":"shipping-taxable","14":"product-type-simple"},"acf":[],"_links":{"self":[{"href":"https:\/\/sundar.be\/fr\/wp-json\/wp\/v2\/product\/42635","targetHints":{"allow":["GET"]}}],"collection":[{"href":"https:\/\/sundar.be\/fr\/wp-json\/wp\/v2\/product"}],"about":[{"href":"https:\/\/sundar.be\/fr\/wp-json\/wp\/v2\/types\/product"}],"replies":[{"embeddable":true,"href":"https:\/\/sundar.be\/fr\/wp-json\/wp\/v2\/comments?post=42635"}],"wp:featuredmedia":[{"embeddable":true,"href":"https:\/\/sundar.be\/fr\/wp-json\/wp\/v2\/media\/42621"}],"wp:attachment":[{"href":"https:\/\/sundar.be\/fr\/wp-json\/wp\/v2\/media?parent=42635"}],"wp:term":[{"taxonomy":"product_brand","embeddable":true,"href":"https:\/\/sundar.be\/fr\/wp-json\/wp\/v2\/product_brand?post=42635"},{"taxonomy":"product_cat","embeddable":true,"href":"https:\/\/sundar.be\/fr\/wp-json\/wp\/v2\/product_cat?post=42635"},{"taxonomy":"product_tag","embeddable":true,"href":"https:\/\/sundar.be\/fr\/wp-json\/wp\/v2\/product_tag?post=42635"}],"curies":[{"name":"wp","href":"https:\/\/api.w.org\/{rel}","templated":true}]}}