{"id":42622,"date":"2024-10-03T20:02:47","date_gmt":"2024-10-03T18:02:47","guid":{"rendered":"https:\/\/sundar.be\/product\/peinture-permanente-refectocil-15ml\/"},"modified":"2025-08-04T13:46:46","modified_gmt":"2025-08-04T11:46:46","slug":"peinture-permanente-refectocil-15ml","status":"publish","type":"product","link":"https:\/\/sundar.be\/fr\/produit\/peinture-permanente-refectocil-15ml\/","title":{"rendered":"Peinture permanente Refectocil, 15ml"},"content":{"rendered":"<h2>Choix des couleurs<\/h2>\n<ul>\n<li><strong>RefectoCil Blonde No. 0 <\/strong>\u00e9claircit les sourcils jusqu&rsquo;\u00e0 3 tons.<\/li>\n<li><strong>RefectoCil Noir No. 1<\/strong> donne un regard intense et ouvert. En utilisant RefectoCil Black No 1 sur les cils, il n&rsquo;est pas n\u00e9cessaire de penser \u00e0 une couche de mascara lors de la visite de la piscine en vacances. Convient \u00e9galement aux barbes grisonnantes des hommes.  <\/li>\n<li><strong>Refectocil Gris No. 1.1 <\/strong>offre une merveilleuse couverture pour les cheveux gris tachet\u00e9s ou m\u00eame blancs. Il \u00e9limine les tons chauds de la couleur, ce qui est id\u00e9al pour les types de couleurs froides. Il est sp\u00e9cialement con\u00e7u pour donner aux cheveux gris ou blancs une nuance de gris naturelle et plus fonc\u00e9e.  <\/li>\n<li><strong>RefectoCil Bleu-Noir n\u00b02<\/strong> ajoute de la profondeur \u00e0 la couleur noire intense gr\u00e2ce \u00e0 ses reflets bleus.<\/li>\n<li><strong>RefectoCil Bleu Profond n\u00b0 2.1<\/strong> donne un aspect ouvert durable et magnifique aux types de cheveux blonds clairs \u00e0 blonds. Lorsqu&rsquo;il est utilis\u00e9 sur des cheveux fonc\u00e9s, la diff\u00e9rence est minime. Sp\u00e9cialement con\u00e7u pour accentuer les yeux bleus ou les styles de maquillage bleu\/violet. Les cils blonds re\u00e7oivent un nouveau regard et en m\u00e9langeant le Bleu No. 2.1 avec le Rouge 4.1, vous cr\u00e9ez une couleur violette cr\u00e9ative sur les sourcils.   <\/li>\n<li><strong>RefectoCil Marron n\u00b03<\/strong> est une couleur naturelle, marron fonc\u00e9. Elle se marie \u00e0 merveille avec les autres couleurs RefectoCil, laissez-vous surprendre ! Une couleur brune froide et fonc\u00e9e avec une bonne couverture.  <\/li>\n<li><strong>RefectoCil Marron clair No. 3.1 <\/strong>donne un look naturel, durable et magnifique. A utiliser sur les cheveux blonds clairs \u00e0 bruns clairs. Une teinte brune chaude et polyvalente. Id\u00e9al pour les cheveux blonds clairs \u00e0 blonds fonc\u00e9s avec un ton chaud. Vous recherchez plut\u00f4t une nuance cendr\u00e9e ? M\u00e9langez RefectoCil Light Brown n\u00b0 3.1 avec RefectoCil Grey n\u00b0 1.1.     <\/li>\n<li><strong>RefectoCil Ch\u00e2taigne n\u00b04<\/strong> donne aux brunes naturelles une couleur ch\u00e2taigne rouge\/brun chaude. Vous avez des sourcils tr\u00e8s fonc\u00e9s ? Eclaircissez-les d&rsquo;abord avec RefectoCil Blond n\u00b0 0. Donnez aux sourcils un aspect automnal avec les tons de ch\u00e2taigne, d&rsquo;acajou et de cuivre.   <\/li>\n<li><strong>Le rouge RefectoCil n\u00b0 4.1 <\/strong>est la couleur des couleurs chaudes. M\u00e9langez le Rouge RefectoCil n\u00b04.1 avec les autres couleurs de RefectoCil pour donner plus de chaleur \u00e0 la couleur. Une couleur rouge intense con\u00e7ue pour assortir les sourcils et les cils aux couleurs de cheveux rouges.  <\/li>\n<\/ul>\n","protected":false},"excerpt":{"rendered":"<p>Teinture pour cils et sourcils.<\/p>\n","protected":false},"featured_media":42581,"comment_status":"open","ping_status":"closed","template":"","meta":{"_acf_changed":false},"product_brand":[],"product_cat":[4767,4446,4448],"product_tag":[],"class_list":{"0":"post-42622","1":"product","2":"type-product","3":"status-publish","4":"has-post-thumbnail","6":"product_cat-beaute","7":"product_cat-cils-sourcils","8":"product_cat-beaute-refectocil","9":"pa_kleur-blauw-zwart","10":"pa_kleur-blond","11":"pa_kleur-diepblauw","12":"pa_kleur-grafiet","13":"pa_kleur-kastanje","14":"pa_kleur-lichtbruin","15":"pa_kleur-natuurlijk-bruin","16":"pa_kleur-rood","17":"pa_kleur-zwart","19":"first","20":"instock","21":"taxable","22":"shipping-taxable","23":"product-type-variable"},"acf":[],"_links":{"self":[{"href":"https:\/\/sundar.be\/fr\/wp-json\/wp\/v2\/product\/42622","targetHints":{"allow":["GET"]}}],"collection":[{"href":"https:\/\/sundar.be\/fr\/wp-json\/wp\/v2\/product"}],"about":[{"href":"https:\/\/sundar.be\/fr\/wp-json\/wp\/v2\/types\/product"}],"replies":[{"embeddable":true,"href":"https:\/\/sundar.be\/fr\/wp-json\/wp\/v2\/comments?post=42622"}],"wp:featuredmedia":[{"embeddable":true,"href":"https:\/\/sundar.be\/fr\/wp-json\/wp\/v2\/media\/42581"}],"wp:attachment":[{"href":"https:\/\/sundar.be\/fr\/wp-json\/wp\/v2\/media?parent=42622"}],"wp:term":[{"taxonomy":"product_brand","embeddable":true,"href":"https:\/\/sundar.be\/fr\/wp-json\/wp\/v2\/product_brand?post=42622"},{"taxonomy":"product_cat","embeddable":true,"href":"https:\/\/sundar.be\/fr\/wp-json\/wp\/v2\/product_cat?post=42622"},{"taxonomy":"product_tag","embeddable":true,"href":"https:\/\/sundar.be\/fr\/wp-json\/wp\/v2\/product_tag?post=42622"}],"curies":[{"name":"wp","href":"https:\/\/api.w.org\/{rel}","templated":true}]}}