{"id":42574,"date":"2024-10-03T19:31:53","date_gmt":"2024-10-03T17:31:53","guid":{"rendered":"https:\/\/sundar.be\/product\/refectocil-oxidant-creme-3-100-ml\/"},"modified":"2025-08-04T13:46:30","modified_gmt":"2025-08-04T11:46:30","slug":"refectocil-oxidant-creme-3-100-ml","status":"publish","type":"product","link":"https:\/\/sundar.be\/fr\/produit\/refectocil-oxidant-creme-3-100-ml\/","title":{"rendered":"Refectocil Oxidant Creme 3%, 100 ml"},"content":{"rendered":"<p>La couverture parfaite de la couleur avec la teinture pour cils et sourcils RefectoCil est obtenue gr\u00e2ce \u00e0 l&rsquo;oxydant 3%.<br \/>\nLe RefectoCil Oxidant Cr\u00e8me 3% permet, apr\u00e8s m\u00e9lange, de rendre la substance moins susceptible de couler et de permettre une application plus pr\u00e9cise.<\/p>\n<p><strong>Attention !<br \/>\n<\/strong>RefectoCil Blond n\u00b0 0 <strong>doit <\/strong>\u00eatre m\u00e9lang\u00e9 avec le peroxyde d&rsquo;hydrog\u00e8ne 3% cr\u00e8me. Utilisez 1 cm de teinture avec 25 gouttes de peroxyde cr\u00e8me.<br \/>\nPour les autres couleurs, vous avez le choix entre le peroxyde d&rsquo;hydrog\u00e8ne 3% liquide ou le peroxyde d&rsquo;hydrog\u00e8ne 3% cr\u00e8me. <\/p>\n","protected":false},"excerpt":{"rendered":"<p>La couverture parfaite de la couleur avec la teinture pour cils et sourcils RefectoCil est obtenue gr\u00e2ce \u00e0 l&rsquo;oxydant 3%.<\/p>\n","protected":false},"featured_media":42567,"comment_status":"open","ping_status":"closed","template":"","meta":{"_acf_changed":false},"product_brand":[],"product_cat":[4767,4446,4448],"product_tag":[],"class_list":{"0":"post-42574","1":"product","2":"type-product","3":"status-publish","4":"has-post-thumbnail","6":"product_cat-beaute","7":"product_cat-cils-sourcils","8":"product_cat-beaute-refectocil","10":"first","11":"instock","12":"taxable","13":"shipping-taxable","14":"product-type-simple"},"acf":[],"_links":{"self":[{"href":"https:\/\/sundar.be\/fr\/wp-json\/wp\/v2\/product\/42574","targetHints":{"allow":["GET"]}}],"collection":[{"href":"https:\/\/sundar.be\/fr\/wp-json\/wp\/v2\/product"}],"about":[{"href":"https:\/\/sundar.be\/fr\/wp-json\/wp\/v2\/types\/product"}],"replies":[{"embeddable":true,"href":"https:\/\/sundar.be\/fr\/wp-json\/wp\/v2\/comments?post=42574"}],"wp:featuredmedia":[{"embeddable":true,"href":"https:\/\/sundar.be\/fr\/wp-json\/wp\/v2\/media\/42567"}],"wp:attachment":[{"href":"https:\/\/sundar.be\/fr\/wp-json\/wp\/v2\/media?parent=42574"}],"wp:term":[{"taxonomy":"product_brand","embeddable":true,"href":"https:\/\/sundar.be\/fr\/wp-json\/wp\/v2\/product_brand?post=42574"},{"taxonomy":"product_cat","embeddable":true,"href":"https:\/\/sundar.be\/fr\/wp-json\/wp\/v2\/product_cat?post=42574"},{"taxonomy":"product_tag","embeddable":true,"href":"https:\/\/sundar.be\/fr\/wp-json\/wp\/v2\/product_tag?post=42574"}],"curies":[{"name":"wp","href":"https:\/\/api.w.org\/{rel}","templated":true}]}}