{"id":42564,"date":"2024-10-03T19:17:57","date_gmt":"2024-10-03T17:17:57","guid":{"rendered":"https:\/\/sundar.be\/product\/refectocil-lash-brow-booster-serum-6ml\/"},"modified":"2025-08-04T13:46:21","modified_gmt":"2025-08-04T11:46:21","slug":"refectocil-lash-brow-booster-serum-6ml","status":"publish","type":"product","link":"https:\/\/sundar.be\/fr\/produit\/refectocil-lash-brow-booster-serum-6ml\/","title":{"rendered":"Refectocil Lash  Brow Booster Serum, 6ml"},"content":{"rendered":"<p>Le RefectoCil Lash &amp; Brow Serum ne contient pas d&rsquo;hormones, de parab\u00e8nes, de parfum ni de prostamide.<\/p>\n<p>Dans chaque follicule pileux, chaque phase de croissance alterne rythmiquement avec la phase de chute. Le RefectoCil Lash &amp; Brow Serum prolonge la phase de croissance des racines des cheveux en fournissant la nourriture id\u00e9ale, soutenant ainsi la croissance totale des cheveux. Le r\u00e9sultat : des cils 59% plus longs et plus \u00e9pais, et des sourcils plus larges et plus fournis.  <\/p>\n","protected":false},"excerpt":{"rendered":"<p>Un seul s\u00e9rum pour les cils et les sourcils, maintenant avec une formule <strong>VEGAN <\/strong>!<\/p>\n","protected":false},"featured_media":42558,"comment_status":"open","ping_status":"closed","template":"","meta":{"_acf_changed":false},"product_brand":[],"product_cat":[4767,4446,4448],"product_tag":[],"class_list":{"0":"post-42564","1":"product","2":"type-product","3":"status-publish","4":"has-post-thumbnail","6":"product_cat-beaute","7":"product_cat-cils-sourcils","8":"product_cat-beaute-refectocil","10":"first","11":"instock","12":"taxable","13":"shipping-taxable","14":"product-type-simple"},"acf":[],"_links":{"self":[{"href":"https:\/\/sundar.be\/fr\/wp-json\/wp\/v2\/product\/42564","targetHints":{"allow":["GET"]}}],"collection":[{"href":"https:\/\/sundar.be\/fr\/wp-json\/wp\/v2\/product"}],"about":[{"href":"https:\/\/sundar.be\/fr\/wp-json\/wp\/v2\/types\/product"}],"replies":[{"embeddable":true,"href":"https:\/\/sundar.be\/fr\/wp-json\/wp\/v2\/comments?post=42564"}],"wp:featuredmedia":[{"embeddable":true,"href":"https:\/\/sundar.be\/fr\/wp-json\/wp\/v2\/media\/42558"}],"wp:attachment":[{"href":"https:\/\/sundar.be\/fr\/wp-json\/wp\/v2\/media?parent=42564"}],"wp:term":[{"taxonomy":"product_brand","embeddable":true,"href":"https:\/\/sundar.be\/fr\/wp-json\/wp\/v2\/product_brand?post=42564"},{"taxonomy":"product_cat","embeddable":true,"href":"https:\/\/sundar.be\/fr\/wp-json\/wp\/v2\/product_cat?post=42564"},{"taxonomy":"product_tag","embeddable":true,"href":"https:\/\/sundar.be\/fr\/wp-json\/wp\/v2\/product_tag?post=42564"}],"curies":[{"name":"wp","href":"https:\/\/api.w.org\/{rel}","templated":true}]}}