{"id":42542,"date":"2024-10-03T12:30:11","date_gmt":"2024-10-03T10:30:11","guid":{"rendered":"https:\/\/sundar.be\/product\/refectocil-eyelash-curl-kit\/"},"modified":"2025-08-04T13:46:24","modified_gmt":"2025-08-04T11:46:24","slug":"refectocil-eyelash-curl-kit","status":"publish","type":"product","link":"https:\/\/sundar.be\/fr\/produit\/refectocil-eyelash-curl-kit\/","title":{"rendered":"Refectocil Eyelash Curl Kit"},"content":{"rendered":"<p>RefectoCil Recourbe-Cils au collag\u00e8ne et \u00e0 la cyst\u00e9ine donne \u00e0 vos cils une belle courbure, agrandit les yeux et les rend plus expressifs. Contrairement aux recourbe-cils m\u00e9caniques, Refectocil Recourbe-Cils dessine les cils en douceur. La belle courbure reste jusqu&rsquo;\u00e0 6 semaines.  <\/p>\n","protected":false},"excerpt":{"rendered":"<p>Avec le recourbe-cils RefectoCil, vous pouvez offrir \u00e0 vos clientes un tout nouveau traitement qui les \u00e9tonnera !<\/p>\n","protected":false},"featured_media":42538,"comment_status":"open","ping_status":"closed","template":"","meta":{"_acf_changed":false},"product_brand":[],"product_cat":[4767,4446,4448],"product_tag":[],"class_list":{"0":"post-42542","1":"product","2":"type-product","3":"status-publish","4":"has-post-thumbnail","6":"product_cat-beaute","7":"product_cat-cils-sourcils","8":"product_cat-beaute-refectocil","10":"first","11":"instock","12":"taxable","13":"shipping-taxable","14":"product-type-simple"},"acf":[],"_links":{"self":[{"href":"https:\/\/sundar.be\/fr\/wp-json\/wp\/v2\/product\/42542","targetHints":{"allow":["GET"]}}],"collection":[{"href":"https:\/\/sundar.be\/fr\/wp-json\/wp\/v2\/product"}],"about":[{"href":"https:\/\/sundar.be\/fr\/wp-json\/wp\/v2\/types\/product"}],"replies":[{"embeddable":true,"href":"https:\/\/sundar.be\/fr\/wp-json\/wp\/v2\/comments?post=42542"}],"wp:featuredmedia":[{"embeddable":true,"href":"https:\/\/sundar.be\/fr\/wp-json\/wp\/v2\/media\/42538"}],"wp:attachment":[{"href":"https:\/\/sundar.be\/fr\/wp-json\/wp\/v2\/media?parent=42542"}],"wp:term":[{"taxonomy":"product_brand","embeddable":true,"href":"https:\/\/sundar.be\/fr\/wp-json\/wp\/v2\/product_brand?post=42542"},{"taxonomy":"product_cat","embeddable":true,"href":"https:\/\/sundar.be\/fr\/wp-json\/wp\/v2\/product_cat?post=42542"},{"taxonomy":"product_tag","embeddable":true,"href":"https:\/\/sundar.be\/fr\/wp-json\/wp\/v2\/product_tag?post=42542"}],"curies":[{"name":"wp","href":"https:\/\/api.w.org\/{rel}","templated":true}]}}