{"id":42536,"date":"2024-10-03T12:26:05","date_gmt":"2024-10-03T10:26:05","guid":{"rendered":"https:\/\/sundar.be\/product\/refectocil-eye-care-pads-10-pieces\/"},"modified":"2025-08-04T13:46:27","modified_gmt":"2025-08-04T11:46:27","slug":"refectocil-eye-care-pads-10-pieces","status":"publish","type":"product","link":"https:\/\/sundar.be\/fr\/produit\/refectocil-eye-care-pads-10-pieces\/","title":{"rendered":"RefectoCil Eye Care Pads, 10 pi\u00e8ces"},"content":{"rendered":"<p>Prendre soin et prot\u00e9ger votre peau en un seul traitement ! Cela est d\u00e9sormais possible gr\u00e2ce aux RefectoCil Eye Care Pads ! Les gel pads innovants contiennent de l&rsquo;Aloe Vera, de l&rsquo;acide hyaluronique et de la vitamine E pour un soin intensif et prot\u00e8gent la peau contre les r\u00e9sidus de teinture pendant le processus de teinture.  <\/p>\n<h4>Contenu<\/h4>\n<ul>\n<li>1 bo\u00eete de 10 sachets.<\/li>\n<li>1 sachet = 1 traitement.<\/li>\n<\/ul>\n","protected":false},"excerpt":{"rendered":"<p>Refectocil Eye care pads<\/p>\n","protected":false},"featured_media":42530,"comment_status":"open","ping_status":"closed","template":"","meta":{"_acf_changed":false},"product_brand":[],"product_cat":[4767,4446,4448],"product_tag":[],"class_list":{"0":"post-42536","1":"product","2":"type-product","3":"status-publish","4":"has-post-thumbnail","6":"product_cat-beaute","7":"product_cat-cils-sourcils","8":"product_cat-beaute-refectocil","10":"first","11":"instock","12":"taxable","13":"shipping-taxable","14":"product-type-simple"},"acf":[],"_links":{"self":[{"href":"https:\/\/sundar.be\/fr\/wp-json\/wp\/v2\/product\/42536","targetHints":{"allow":["GET"]}}],"collection":[{"href":"https:\/\/sundar.be\/fr\/wp-json\/wp\/v2\/product"}],"about":[{"href":"https:\/\/sundar.be\/fr\/wp-json\/wp\/v2\/types\/product"}],"replies":[{"embeddable":true,"href":"https:\/\/sundar.be\/fr\/wp-json\/wp\/v2\/comments?post=42536"}],"wp:featuredmedia":[{"embeddable":true,"href":"https:\/\/sundar.be\/fr\/wp-json\/wp\/v2\/media\/42530"}],"wp:attachment":[{"href":"https:\/\/sundar.be\/fr\/wp-json\/wp\/v2\/media?parent=42536"}],"wp:term":[{"taxonomy":"product_brand","embeddable":true,"href":"https:\/\/sundar.be\/fr\/wp-json\/wp\/v2\/product_brand?post=42536"},{"taxonomy":"product_cat","embeddable":true,"href":"https:\/\/sundar.be\/fr\/wp-json\/wp\/v2\/product_cat?post=42536"},{"taxonomy":"product_tag","embeddable":true,"href":"https:\/\/sundar.be\/fr\/wp-json\/wp\/v2\/product_tag?post=42536"}],"curies":[{"name":"wp","href":"https:\/\/api.w.org\/{rel}","templated":true}]}}