{"id":42516,"date":"2024-10-03T12:12:10","date_gmt":"2024-10-03T10:12:10","guid":{"rendered":"https:\/\/sundar.be\/product\/refectocil-artist-palet\/"},"modified":"2025-08-04T13:46:06","modified_gmt":"2025-08-04T11:46:06","slug":"refectocil-artist-palet","status":"publish","type":"product","link":"https:\/\/sundar.be\/fr\/produit\/refectocil-artist-palet\/","title":{"rendered":"Refectocil Artist Palet"},"content":{"rendered":"<p>La Palette Artist RefectoCil permet un travail efficace et confortable. Elle convient aussi bien aux gauchers qu&rsquo;aux droitiers. Pratique, robuste et tr\u00e8s stable, la Palette est r\u00e9sistante aux produits chimiques et facile \u00e0 nettoyer.   <\/p>\n<p>Le bol dispose de deux compartiments, vous permettant de m\u00e9langer simultan\u00e9ment la teinture pour les cils et celle pour les sourcils. Il est \u00e9galement \u00e9quip\u00e9 de deux encoches pour poser en toute s\u00e9curit\u00e9 votre pinceau ou votre b\u00e2tonnet de m\u00e9lange. Ainsi, il est facile de travailler proprement !  <\/p>\n","protected":false},"excerpt":{"rendered":"<p>La palette RefectoCil Artist Palette est un plateau pratique et \u00e9l\u00e9gant pour m\u00e9langer les couleurs des cils et des sourcils.<\/p>\n","protected":false},"featured_media":42504,"comment_status":"open","ping_status":"closed","template":"","meta":{"_acf_changed":false},"product_brand":[],"product_cat":[4767,4446,5792,4448],"product_tag":[],"class_list":{"0":"post-42516","1":"product","2":"type-product","3":"status-publish","4":"has-post-thumbnail","6":"product_cat-beaute","7":"product_cat-cils-sourcils","8":"product_cat-godets-melange-teinture","9":"product_cat-beaute-refectocil","11":"first","12":"instock","13":"taxable","14":"shipping-taxable","15":"product-type-simple"},"acf":[],"_links":{"self":[{"href":"https:\/\/sundar.be\/fr\/wp-json\/wp\/v2\/product\/42516","targetHints":{"allow":["GET"]}}],"collection":[{"href":"https:\/\/sundar.be\/fr\/wp-json\/wp\/v2\/product"}],"about":[{"href":"https:\/\/sundar.be\/fr\/wp-json\/wp\/v2\/types\/product"}],"replies":[{"embeddable":true,"href":"https:\/\/sundar.be\/fr\/wp-json\/wp\/v2\/comments?post=42516"}],"wp:featuredmedia":[{"embeddable":true,"href":"https:\/\/sundar.be\/fr\/wp-json\/wp\/v2\/media\/42504"}],"wp:attachment":[{"href":"https:\/\/sundar.be\/fr\/wp-json\/wp\/v2\/media?parent=42516"}],"wp:term":[{"taxonomy":"product_brand","embeddable":true,"href":"https:\/\/sundar.be\/fr\/wp-json\/wp\/v2\/product_brand?post=42516"},{"taxonomy":"product_cat","embeddable":true,"href":"https:\/\/sundar.be\/fr\/wp-json\/wp\/v2\/product_cat?post=42516"},{"taxonomy":"product_tag","embeddable":true,"href":"https:\/\/sundar.be\/fr\/wp-json\/wp\/v2\/product_tag?post=42516"}],"curies":[{"name":"wp","href":"https:\/\/api.w.org\/{rel}","templated":true}]}}