{"id":42494,"date":"2024-10-03T11:51:06","date_gmt":"2024-10-03T09:51:06","guid":{"rendered":"https:\/\/sundar.be\/product\/voluma-oohlala-mascara-12ml\/"},"modified":"2025-08-04T13:45:58","modified_gmt":"2025-08-04T11:45:58","slug":"voluma-oohlala-mascara-12ml","status":"publish","type":"product","link":"https:\/\/sundar.be\/fr\/produit\/voluma-oohlala-mascara-12ml\/","title":{"rendered":"Voluma Oohlala Mascara, 12ml"},"content":{"rendered":"<p>La caract\u00e9ristique principale de ce produit est sa grande brosse large, capable d\u2019\u00e9paissir chaque cil d\u00e8s la premi\u00e8re application. Elle peigne et s\u00e9pare les cils avec pr\u00e9cision, sans laisser de paquets ni de r\u00e9sidus. La mascara tient toute la journ\u00e9e dans des conditions normales.  <\/p>\n<p>Pour un r\u00e9sultat optimal, tournez la brosse maxi de la racine jusqu&rsquo;\u00e0 la pointe des cils, en commen\u00e7ant par le coin interne vers le coin externe de l&rsquo;\u0153il.<\/p>\n","protected":false},"excerpt":{"rendered":"<p>Mascara volume<\/p>\n","protected":false},"featured_media":42488,"comment_status":"open","ping_status":"closed","template":"","meta":{"_acf_changed":false},"product_brand":[],"product_cat":[4767,1461,5805],"product_tag":[],"class_list":{"0":"post-42494","1":"product","2":"type-product","3":"status-publish","4":"has-post-thumbnail","6":"product_cat-beaute","7":"product_cat-maquillage","8":"product_cat-mascara-fr","10":"first","11":"instock","12":"taxable","13":"shipping-taxable","14":"product-type-simple"},"acf":[],"_links":{"self":[{"href":"https:\/\/sundar.be\/fr\/wp-json\/wp\/v2\/product\/42494","targetHints":{"allow":["GET"]}}],"collection":[{"href":"https:\/\/sundar.be\/fr\/wp-json\/wp\/v2\/product"}],"about":[{"href":"https:\/\/sundar.be\/fr\/wp-json\/wp\/v2\/types\/product"}],"replies":[{"embeddable":true,"href":"https:\/\/sundar.be\/fr\/wp-json\/wp\/v2\/comments?post=42494"}],"wp:featuredmedia":[{"embeddable":true,"href":"https:\/\/sundar.be\/fr\/wp-json\/wp\/v2\/media\/42488"}],"wp:attachment":[{"href":"https:\/\/sundar.be\/fr\/wp-json\/wp\/v2\/media?parent=42494"}],"wp:term":[{"taxonomy":"product_brand","embeddable":true,"href":"https:\/\/sundar.be\/fr\/wp-json\/wp\/v2\/product_brand?post=42494"},{"taxonomy":"product_cat","embeddable":true,"href":"https:\/\/sundar.be\/fr\/wp-json\/wp\/v2\/product_cat?post=42494"},{"taxonomy":"product_tag","embeddable":true,"href":"https:\/\/sundar.be\/fr\/wp-json\/wp\/v2\/product_tag?post=42494"}],"curies":[{"name":"wp","href":"https:\/\/api.w.org\/{rel}","templated":true}]}}