{"id":42484,"date":"2024-10-03T11:47:27","date_gmt":"2024-10-03T09:47:27","guid":{"rendered":"https:\/\/sundar.be\/product\/arcancil-paris-lash-hysteria-mascara-12-5ml\/"},"modified":"2025-08-04T13:45:52","modified_gmt":"2025-08-04T11:45:52","slug":"arcancil-paris-lash-hysteria-mascara-12-5ml","status":"publish","type":"product","link":"https:\/\/sundar.be\/fr\/produit\/arcancil-paris-lash-hysteria-mascara-12-5ml\/","title":{"rendered":"Arcancil Paris Lash Hysteria Mascara, 12.5ml"},"content":{"rendered":"<p>Une brosse high-tech \u00e0 360\u00b0 pour un r\u00e9sultat maquillage sans pr\u00e9c\u00e9dent ! Chaque cil est recouvert de la racine \u00e0 la pointe d&rsquo;une texture g\u00e9n\u00e9reuse qui multiplie le volume sans faire de paquets. Les cils s&rsquo;\u00e9talent comme un \u00e9ventail. Enrichie en cires, la formule aide \u00e0 prot\u00e9ger les cils des agressions ext\u00e9rieures.   <\/p>\n","protected":false},"excerpt":{"rendered":"<p>Waterproof mascara<\/p>\n","protected":false},"featured_media":42480,"comment_status":"open","ping_status":"closed","template":"","meta":{"_acf_changed":false},"product_brand":[],"product_cat":[4767,1461,5805],"product_tag":[],"class_list":{"0":"post-42484","1":"product","2":"type-product","3":"status-publish","4":"has-post-thumbnail","6":"product_cat-beaute","7":"product_cat-maquillage","8":"product_cat-mascara-fr","10":"first","11":"instock","12":"taxable","13":"shipping-taxable","14":"product-type-simple"},"acf":[],"_links":{"self":[{"href":"https:\/\/sundar.be\/fr\/wp-json\/wp\/v2\/product\/42484","targetHints":{"allow":["GET"]}}],"collection":[{"href":"https:\/\/sundar.be\/fr\/wp-json\/wp\/v2\/product"}],"about":[{"href":"https:\/\/sundar.be\/fr\/wp-json\/wp\/v2\/types\/product"}],"replies":[{"embeddable":true,"href":"https:\/\/sundar.be\/fr\/wp-json\/wp\/v2\/comments?post=42484"}],"wp:featuredmedia":[{"embeddable":true,"href":"https:\/\/sundar.be\/fr\/wp-json\/wp\/v2\/media\/42480"}],"wp:attachment":[{"href":"https:\/\/sundar.be\/fr\/wp-json\/wp\/v2\/media?parent=42484"}],"wp:term":[{"taxonomy":"product_brand","embeddable":true,"href":"https:\/\/sundar.be\/fr\/wp-json\/wp\/v2\/product_brand?post=42484"},{"taxonomy":"product_cat","embeddable":true,"href":"https:\/\/sundar.be\/fr\/wp-json\/wp\/v2\/product_cat?post=42484"},{"taxonomy":"product_tag","embeddable":true,"href":"https:\/\/sundar.be\/fr\/wp-json\/wp\/v2\/product_tag?post=42484"}],"curies":[{"name":"wp","href":"https:\/\/api.w.org\/{rel}","templated":true}]}}