{"id":42483,"date":"2024-10-03T10:04:04","date_gmt":"2024-10-03T08:04:04","guid":{"rendered":"https:\/\/sundar.be\/product\/arcancil-paris-cabaret-mascara-8-5ml\/"},"modified":"2025-08-04T13:45:47","modified_gmt":"2025-08-04T11:45:47","slug":"arcancil-paris-cabaret-mascara-8-5ml","status":"publish","type":"product","link":"https:\/\/sundar.be\/fr\/produit\/arcancil-paris-cabaret-mascara-8-5ml\/","title":{"rendered":"Arcancil Paris Cabaret Mascara, 8.5ml"},"content":{"rendered":"<p>Une brosse en caoutchouc brevet\u00e9e \u00e0 double action, dot\u00e9e de pointes parfaitement espac\u00e9es de deux longueurs diff\u00e9rentes, permettant de charger les cils, de les allonger instantan\u00e9ment et de cr\u00e9er un volume spectaculaire.<\/p>\n<p>La formule contient des silicones et des fibres de soie, enrobant les cils de la racine jusqu\u2019aux pointes pour un effet faux cils spectaculaire. La brosse \u00e0 double action poss\u00e8de : un c\u00f4t\u00e9 avec de petites pointes pour cr\u00e9er du volume, un c\u00f4t\u00e9 peigne pour une s\u00e9paration parfaite. <\/p>\n","protected":false},"excerpt":{"rendered":"<p>Une brosse en caoutchouc brevet\u00e9e \u00e0 double action, dot\u00e9e de pointes parfaitement espac\u00e9es de deux longueurs diff\u00e9rentes, permettant de charger les cils, de les allonger instantan\u00e9ment et de cr\u00e9er un volume spectaculaire. La formule contient des silicones et des fibres de soie, enrobant les cils de la racine jusqu\u2019aux pointes pour un effet faux cils [&hellip;]<\/p>\n","protected":false},"featured_media":42477,"comment_status":"open","ping_status":"closed","template":"","meta":{"_acf_changed":false},"product_brand":[],"product_cat":[4767,1461,5805],"product_tag":[],"class_list":{"0":"post-42483","1":"product","2":"type-product","3":"status-publish","4":"has-post-thumbnail","6":"product_cat-beaute","7":"product_cat-maquillage","8":"product_cat-mascara-fr","10":"first","11":"instock","12":"taxable","13":"shipping-taxable","14":"product-type-simple"},"acf":[],"_links":{"self":[{"href":"https:\/\/sundar.be\/fr\/wp-json\/wp\/v2\/product\/42483","targetHints":{"allow":["GET"]}}],"collection":[{"href":"https:\/\/sundar.be\/fr\/wp-json\/wp\/v2\/product"}],"about":[{"href":"https:\/\/sundar.be\/fr\/wp-json\/wp\/v2\/types\/product"}],"replies":[{"embeddable":true,"href":"https:\/\/sundar.be\/fr\/wp-json\/wp\/v2\/comments?post=42483"}],"wp:featuredmedia":[{"embeddable":true,"href":"https:\/\/sundar.be\/fr\/wp-json\/wp\/v2\/media\/42477"}],"wp:attachment":[{"href":"https:\/\/sundar.be\/fr\/wp-json\/wp\/v2\/media?parent=42483"}],"wp:term":[{"taxonomy":"product_brand","embeddable":true,"href":"https:\/\/sundar.be\/fr\/wp-json\/wp\/v2\/product_brand?post=42483"},{"taxonomy":"product_cat","embeddable":true,"href":"https:\/\/sundar.be\/fr\/wp-json\/wp\/v2\/product_cat?post=42483"},{"taxonomy":"product_tag","embeddable":true,"href":"https:\/\/sundar.be\/fr\/wp-json\/wp\/v2\/product_tag?post=42483"}],"curies":[{"name":"wp","href":"https:\/\/api.w.org\/{rel}","templated":true}]}}