{"id":42475,"date":"2024-10-03T09:55:07","date_gmt":"2024-10-03T07:55:07","guid":{"rendered":"https:\/\/sundar.be\/product\/refectocil-browista-toolkit\/"},"modified":"2025-08-04T13:48:26","modified_gmt":"2025-08-04T11:48:26","slug":"refectocil-browista-toolkit","status":"publish","type":"product","link":"https:\/\/sundar.be\/fr\/produit\/refectocil-browista-toolkit\/","title":{"rendered":"Refectocil Browista Toolkit"},"content":{"rendered":"<p>Pour les v\u00e9ritables Browistas, cette Toolkit est indispensable ! Ces deux pinceaux r\u00e9pondent parfaitement aux besoins des Browistas en mati\u00e8re de sourcils et de cils. Les goupillons innovants en caoutchouc permettent de brosser les sourcils et les cils en toute simplicit\u00e9. Le pinceau large est id\u00e9al pour recouvrir les cils de teinture. Le pinceau fin permet une application pr\u00e9cise de la teinture sur les sourcils.   <\/p>\n<p>Les petits bols pratiques sont parfaits pour m\u00e9langer la teinture avec le RefectoCil Oxidant Liquid ou le RefectoCil Oxidant Cr\u00e8me.<\/p>\n<p><strong>Contenu : <\/strong>un pinceau large, un pinceau fin et deux bols de m\u00e9lange, le tout emball\u00e9 dans une trousse pratique.<\/p>\n","protected":false},"excerpt":{"rendered":"<p>Cette trousse Browista de RefectoCil est indispensable pour teindre et coiffer les cils et les sourcils.<\/p>\n","protected":false},"featured_media":42467,"comment_status":"open","ping_status":"closed","template":"","meta":{"_acf_changed":false},"product_brand":[],"product_cat":[4767,4446,5792,4448],"product_tag":[],"class_list":{"0":"post-42475","1":"product","2":"type-product","3":"status-publish","4":"has-post-thumbnail","6":"product_cat-beaute","7":"product_cat-cils-sourcils","8":"product_cat-godets-melange-teinture","9":"product_cat-beaute-refectocil","11":"first","12":"instock","13":"taxable","14":"shipping-taxable","15":"product-type-simple"},"acf":[],"_links":{"self":[{"href":"https:\/\/sundar.be\/fr\/wp-json\/wp\/v2\/product\/42475","targetHints":{"allow":["GET"]}}],"collection":[{"href":"https:\/\/sundar.be\/fr\/wp-json\/wp\/v2\/product"}],"about":[{"href":"https:\/\/sundar.be\/fr\/wp-json\/wp\/v2\/types\/product"}],"replies":[{"embeddable":true,"href":"https:\/\/sundar.be\/fr\/wp-json\/wp\/v2\/comments?post=42475"}],"wp:featuredmedia":[{"embeddable":true,"href":"https:\/\/sundar.be\/fr\/wp-json\/wp\/v2\/media\/42467"}],"wp:attachment":[{"href":"https:\/\/sundar.be\/fr\/wp-json\/wp\/v2\/media?parent=42475"}],"wp:term":[{"taxonomy":"product_brand","embeddable":true,"href":"https:\/\/sundar.be\/fr\/wp-json\/wp\/v2\/product_brand?post=42475"},{"taxonomy":"product_cat","embeddable":true,"href":"https:\/\/sundar.be\/fr\/wp-json\/wp\/v2\/product_cat?post=42475"},{"taxonomy":"product_tag","embeddable":true,"href":"https:\/\/sundar.be\/fr\/wp-json\/wp\/v2\/product_tag?post=42475"}],"curies":[{"name":"wp","href":"https:\/\/api.w.org\/{rel}","templated":true}]}}