{"id":42474,"date":"2024-10-03T10:00:18","date_gmt":"2024-10-03T08:00:18","guid":{"rendered":"https:\/\/sundar.be\/product\/arcancil-paris-wild-volume-mascara-13ml\/"},"modified":"2025-08-04T13:45:49","modified_gmt":"2025-08-04T11:45:49","slug":"arcancil-paris-wild-volume-mascara-13ml","status":"publish","type":"product","link":"https:\/\/sundar.be\/fr\/produit\/arcancil-paris-wild-volume-mascara-13ml\/","title":{"rendered":"Arcancil Paris Wild Volume Mascara, 13ml"},"content":{"rendered":"<p>Repoussez les limites du volume avec le mascara WILD VOLUME ! Sa brosse surdimensionn\u00e9e \u00e0 faible densit\u00e9 d\u00e9pose un maximum de formule pour charger les cils d\u2019un volume extr\u00eame. Les longues fibres rigides s\u00e9parent chaque cil pour un effet panoramique. Prot\u00e9gez vos cils avec un volume sauvage pour un regard envo\u00fbtant et surdimensionn\u00e9 ! Test\u00e9 ophtalmologiquement.    <\/p>\n<p>La brosse maxi \u00e0 faible densit\u00e9 de fibres et \u00e0 micro-r\u00e9servoirs lib\u00e8re une grande quantit\u00e9 de formule pour enrober les cils en un seul geste.<\/p>\n<p>La texture ultra-cr\u00e9meuse enrobe les cils de sa formule et multiplie instantan\u00e9ment leur volume.<\/p>\n","protected":false},"excerpt":{"rendered":"<p>Mascara volume<\/p>\n","protected":false},"featured_media":42471,"comment_status":"open","ping_status":"closed","template":"","meta":{"_acf_changed":false},"product_brand":[],"product_cat":[4767,1461,5805],"product_tag":[],"class_list":{"0":"post-42474","1":"product","2":"type-product","3":"status-publish","4":"has-post-thumbnail","6":"product_cat-beaute","7":"product_cat-maquillage","8":"product_cat-mascara-fr","10":"first","11":"instock","12":"taxable","13":"shipping-taxable","14":"product-type-simple"},"acf":[],"_links":{"self":[{"href":"https:\/\/sundar.be\/fr\/wp-json\/wp\/v2\/product\/42474","targetHints":{"allow":["GET"]}}],"collection":[{"href":"https:\/\/sundar.be\/fr\/wp-json\/wp\/v2\/product"}],"about":[{"href":"https:\/\/sundar.be\/fr\/wp-json\/wp\/v2\/types\/product"}],"replies":[{"embeddable":true,"href":"https:\/\/sundar.be\/fr\/wp-json\/wp\/v2\/comments?post=42474"}],"wp:featuredmedia":[{"embeddable":true,"href":"https:\/\/sundar.be\/fr\/wp-json\/wp\/v2\/media\/42471"}],"wp:attachment":[{"href":"https:\/\/sundar.be\/fr\/wp-json\/wp\/v2\/media?parent=42474"}],"wp:term":[{"taxonomy":"product_brand","embeddable":true,"href":"https:\/\/sundar.be\/fr\/wp-json\/wp\/v2\/product_brand?post=42474"},{"taxonomy":"product_cat","embeddable":true,"href":"https:\/\/sundar.be\/fr\/wp-json\/wp\/v2\/product_cat?post=42474"},{"taxonomy":"product_tag","embeddable":true,"href":"https:\/\/sundar.be\/fr\/wp-json\/wp\/v2\/product_tag?post=42474"}],"curies":[{"name":"wp","href":"https:\/\/api.w.org\/{rel}","templated":true}]}}