{"id":42468,"date":"2024-10-03T09:50:11","date_gmt":"2024-10-03T07:50:11","guid":{"rendered":"https:\/\/sundar.be\/product\/creme-couvrante-combinal-100-ml\/"},"modified":"2025-08-04T13:48:29","modified_gmt":"2025-08-04T11:48:29","slug":"creme-couvrante-combinal-100-ml","status":"publish","type":"product","link":"https:\/\/sundar.be\/fr\/produit\/creme-couvrante-combinal-100-ml\/","title":{"rendered":"Cr\u00e8me couvrante Combinal, 100 ml"},"content":{"rendered":"<p>La cr\u00e8me de protection de la peau Combinal est une cr\u00e8me l\u00e9g\u00e8re qui prot\u00e8ge intens\u00e9ment les peaux sensibles, pr\u00e9vient le risque de coloration excessive et \u00e9limine facilement les taches de couleur sur la peau apr\u00e8s le processus de coloration. La cr\u00e8me adoucit et nourrit la peau et sa nouvelle formule sans parab\u00e8ne est \u00e9galement intens\u00e9ment hydratante et apaisante. La nouvelle composition de cette cr\u00e8me, enrichie d&rsquo;extraits de n\u00e9nuphar hydratants et apaisants, donne \u00e0 la peau une sensation de douceur et d&rsquo;\u00e9lasticit\u00e9. Gr\u00e2ce \u00e0 sa nouvelle formule, cette cr\u00e8me combin\u00e9e de protection de la peau est particuli\u00e8rement adapt\u00e9e au contour sensible des yeux.   <\/p>\n","protected":false},"excerpt":{"rendered":"<p>La cr\u00e8me de coiffage Combinal prot\u00e8ge la peau de mani\u00e8re optimale lors de la teinture des cils. Cette cr\u00e8me protectrice est \u00e9galement enrichie en extraits hydratants et apaisants, laissant la peau douce et lisse. <\/p>\n","protected":false},"featured_media":42462,"comment_status":"open","ping_status":"closed","template":"","meta":{"_acf_changed":false},"product_brand":[],"product_cat":[4767,4446,4450],"product_tag":[],"class_list":{"0":"post-42468","1":"product","2":"type-product","3":"status-publish","4":"has-post-thumbnail","6":"product_cat-beaute","7":"product_cat-cils-sourcils","8":"product_cat-beaute-combinal","10":"first","11":"instock","12":"taxable","13":"shipping-taxable","14":"product-type-simple"},"acf":[],"_links":{"self":[{"href":"https:\/\/sundar.be\/fr\/wp-json\/wp\/v2\/product\/42468","targetHints":{"allow":["GET"]}}],"collection":[{"href":"https:\/\/sundar.be\/fr\/wp-json\/wp\/v2\/product"}],"about":[{"href":"https:\/\/sundar.be\/fr\/wp-json\/wp\/v2\/types\/product"}],"replies":[{"embeddable":true,"href":"https:\/\/sundar.be\/fr\/wp-json\/wp\/v2\/comments?post=42468"}],"wp:featuredmedia":[{"embeddable":true,"href":"https:\/\/sundar.be\/fr\/wp-json\/wp\/v2\/media\/42462"}],"wp:attachment":[{"href":"https:\/\/sundar.be\/fr\/wp-json\/wp\/v2\/media?parent=42468"}],"wp:term":[{"taxonomy":"product_brand","embeddable":true,"href":"https:\/\/sundar.be\/fr\/wp-json\/wp\/v2\/product_brand?post=42468"},{"taxonomy":"product_cat","embeddable":true,"href":"https:\/\/sundar.be\/fr\/wp-json\/wp\/v2\/product_cat?post=42468"},{"taxonomy":"product_tag","embeddable":true,"href":"https:\/\/sundar.be\/fr\/wp-json\/wp\/v2\/product_tag?post=42468"}],"curies":[{"name":"wp","href":"https:\/\/api.w.org\/{rel}","templated":true}]}}