{"id":42464,"date":"2024-10-03T09:44:24","date_gmt":"2024-10-03T07:44:24","guid":{"rendered":"https:\/\/sundar.be\/product\/combinal-teinture-pour-cils-eye-pads-96-pieces\/"},"modified":"2025-11-25T16:08:19","modified_gmt":"2025-11-25T15:08:19","slug":"combinal-teinture-pour-cils-eye-pads-96-pieces","status":"publish","type":"product","link":"https:\/\/sundar.be\/fr\/produit\/combinal-teinture-pour-cils-eye-pads-96-pieces\/","title":{"rendered":"Combinal teinture pour cils eye pads, 96 pi\u00e8ces"},"content":{"rendered":"<p>Les tampons pour cils Combinal sont des tampons en papier pr\u00e9form\u00e9s con\u00e7us pour les traitements de teinture des cils afin de prot\u00e9ger les yeux et d&rsquo;\u00e9viter les taches sur la peau pendant le processus de teinture. Le papier absorbant sp\u00e9cial emp\u00eache l&rsquo;exc\u00e8s de colorant d&rsquo;atteindre les yeux. La forme des coussinets \u00e9pouse les contours des paupi\u00e8res et s&rsquo;ins\u00e8re parfaitement sous les cils inf\u00e9rieurs pour prot\u00e9ger la zone sensible de l&rsquo;\u0153il.  <\/p>\n","protected":false},"excerpt":{"rendered":"<p>Eyelash Pads<\/p>\n","protected":false},"featured_media":42458,"comment_status":"open","ping_status":"closed","template":"","meta":{"_acf_changed":false},"product_brand":[],"product_cat":[4767,4446,4450],"product_tag":[],"class_list":{"0":"post-42464","1":"product","2":"type-product","3":"status-publish","4":"has-post-thumbnail","6":"product_cat-beaute","7":"product_cat-cils-sourcils","8":"product_cat-beaute-combinal","10":"first","11":"instock","12":"taxable","13":"shipping-taxable","14":"product-type-simple"},"acf":[],"_links":{"self":[{"href":"https:\/\/sundar.be\/fr\/wp-json\/wp\/v2\/product\/42464","targetHints":{"allow":["GET"]}}],"collection":[{"href":"https:\/\/sundar.be\/fr\/wp-json\/wp\/v2\/product"}],"about":[{"href":"https:\/\/sundar.be\/fr\/wp-json\/wp\/v2\/types\/product"}],"replies":[{"embeddable":true,"href":"https:\/\/sundar.be\/fr\/wp-json\/wp\/v2\/comments?post=42464"}],"wp:featuredmedia":[{"embeddable":true,"href":"https:\/\/sundar.be\/fr\/wp-json\/wp\/v2\/media\/42458"}],"wp:attachment":[{"href":"https:\/\/sundar.be\/fr\/wp-json\/wp\/v2\/media?parent=42464"}],"wp:term":[{"taxonomy":"product_brand","embeddable":true,"href":"https:\/\/sundar.be\/fr\/wp-json\/wp\/v2\/product_brand?post=42464"},{"taxonomy":"product_cat","embeddable":true,"href":"https:\/\/sundar.be\/fr\/wp-json\/wp\/v2\/product_cat?post=42464"},{"taxonomy":"product_tag","embeddable":true,"href":"https:\/\/sundar.be\/fr\/wp-json\/wp\/v2\/product_tag?post=42464"}],"curies":[{"name":"wp","href":"https:\/\/api.w.org\/{rel}","templated":true}]}}