{"id":42448,"date":"2024-10-03T09:38:46","date_gmt":"2024-10-03T07:38:46","guid":{"rendered":"https:\/\/sundar.be\/product\/peinture-pour-cils-combinal-15ml\/"},"modified":"2025-03-13T12:19:16","modified_gmt":"2025-03-13T11:19:16","slug":"peinture-pour-cils-combinal-15ml","status":"publish","type":"product","link":"https:\/\/sundar.be\/fr\/produit\/peinture-pour-cils-combinal-15ml\/","title":{"rendered":"Peinture pour cils Combinal, 15ml"},"content":{"rendered":"<p>La teinture pour sourcils et cils Combinal est l&rsquo;une des meilleures teintes pour cils au monde. Sa formule sp\u00e9ciale a la particularit\u00e9 de bien adh\u00e9rer \u00e0 tous les diff\u00e9rents poils de sourcils et de cils. Les couleurs apparaissent apr\u00e8s la teinture en quelques minutes (environ 8 \u00e0 10 minutes). Les r\u00e9sidus de teinture peuvent \u00eatre facilement enlev\u00e9s de la peau apr\u00e8s le traitement. La teinture donne une belle couleur intense et un \u00e9clat, qui peut durer 7 \u00e0 8 semaines.    <\/p>\n<p>Attention : La teinture doit \u00eatre m\u00e9lang\u00e9e avec du <span style=\"color: #f6bd35;\"><a style=\"color: #f6bd35;\" href=\"https:\/\/sundar.be\/product\/combinal-waterstofperoxide-5-20ml\/\">peroxyde d&rsquo;hydrog\u00e8ne Combinal \u00e0 5%<\/a><\/span> pour obtenir une couleur permanente. Astuce : Les couleurs noir, bleu-noir, bleu, brun et brun clair peuvent \u00eatre m\u00e9lang\u00e9es entre elles pour cr\u00e9er les couleurs d\u00e9sir\u00e9es. <\/p>\n","protected":false},"excerpt":{"rendered":"<p>Combinal teinture pour cils et sourcils.<\/p>\n","protected":false},"featured_media":42446,"comment_status":"open","ping_status":"closed","template":"","meta":{"_acf_changed":false},"product_brand":[],"product_cat":[4767,4446,4450],"product_tag":[],"class_list":{"0":"post-42448","1":"product","2":"type-product","3":"status-publish","4":"has-post-thumbnail","6":"product_cat-beaute","7":"product_cat-cils-sourcils","8":"product_cat-beaute-combinal","9":"pa_kleur-blauw","10":"pa_kleur-blauw-zwart","11":"pa_kleur-bruin","12":"pa_kleur-grafiet","13":"pa_kleur-lichtbruin","14":"pa_kleur-zwart","16":"first","17":"instock","18":"taxable","19":"shipping-taxable","20":"product-type-variable"},"acf":[],"_links":{"self":[{"href":"https:\/\/sundar.be\/fr\/wp-json\/wp\/v2\/product\/42448","targetHints":{"allow":["GET"]}}],"collection":[{"href":"https:\/\/sundar.be\/fr\/wp-json\/wp\/v2\/product"}],"about":[{"href":"https:\/\/sundar.be\/fr\/wp-json\/wp\/v2\/types\/product"}],"replies":[{"embeddable":true,"href":"https:\/\/sundar.be\/fr\/wp-json\/wp\/v2\/comments?post=42448"}],"wp:featuredmedia":[{"embeddable":true,"href":"https:\/\/sundar.be\/fr\/wp-json\/wp\/v2\/media\/42446"}],"wp:attachment":[{"href":"https:\/\/sundar.be\/fr\/wp-json\/wp\/v2\/media?parent=42448"}],"wp:term":[{"taxonomy":"product_brand","embeddable":true,"href":"https:\/\/sundar.be\/fr\/wp-json\/wp\/v2\/product_brand?post=42448"},{"taxonomy":"product_cat","embeddable":true,"href":"https:\/\/sundar.be\/fr\/wp-json\/wp\/v2\/product_cat?post=42448"},{"taxonomy":"product_tag","embeddable":true,"href":"https:\/\/sundar.be\/fr\/wp-json\/wp\/v2\/product_tag?post=42448"}],"curies":[{"name":"wp","href":"https:\/\/api.w.org\/{rel}","templated":true}]}}