{"id":42426,"date":"2024-10-03T09:22:21","date_gmt":"2024-10-03T07:22:21","guid":{"rendered":"https:\/\/sundar.be\/product\/combinal-peroxyde-dhydrogene-5-20ml\/"},"modified":"2025-11-24T08:03:57","modified_gmt":"2025-11-24T07:03:57","slug":"combinal-peroxyde-dhydrogene-5-20ml","status":"publish","type":"product","link":"https:\/\/sundar.be\/fr\/produit\/combinal-peroxyde-dhydrogene-5-20ml\/","title":{"rendered":"Combinal Peroxyde d&rsquo;hydrog\u00e8ne 5%, 20ml"},"content":{"rendered":"<p>Le peroxyde d&rsquo;hydrog\u00e8ne \u00e0 5% de Combinal est utilis\u00e9 pour activer la<span style=\"color: #f6bd35;\"><a style=\"color: #f6bd35;\" href=\"https:\/\/sundar.be\/fr\/produit\/peinture-pour-cils-combinal-15ml\/\"> teinture pour cils et sourcils Combinal<\/a><\/span>. Le peroxyde d&rsquo;hydrog\u00e8ne ouvre les cuticules du cheveu et permet ainsi aux poils d&rsquo;absorber la nouvelle couleur. Le m\u00e9lange avec le peroxyde d&rsquo;hydrog\u00e8ne est n\u00e9cessaire pour que la couleur adh\u00e8re bien et soit maintenue. M\u00e9langez le peroxyde d&rsquo;hydrog\u00e8ne avec la teinture pour une couverte optimale de la couleur.   <\/p>\n<p>Attention : en raison de l&rsquo;action oxydante, vous ne devez jamais m\u00e9langer la teinture et le peroxyde d&rsquo;hydrog\u00e8ne dans un r\u00e9cipient m\u00e9tallique.<\/p>\n","protected":false},"excerpt":{"rendered":"<p>Le peroxyde d&rsquo;hydrog\u00e8ne \u00e0 5 % convient pour activer la teinture Combinal pour cils et sourcils.<\/p>\n","protected":false},"featured_media":42422,"comment_status":"open","ping_status":"closed","template":"","meta":{"_acf_changed":false},"product_brand":[],"product_cat":[4767,4446,4450],"product_tag":[],"class_list":{"0":"post-42426","1":"product","2":"type-product","3":"status-publish","4":"has-post-thumbnail","6":"product_cat-beaute","7":"product_cat-cils-sourcils","8":"product_cat-beaute-combinal","10":"first","11":"instock","12":"taxable","13":"shipping-taxable","14":"product-type-simple"},"acf":[],"_links":{"self":[{"href":"https:\/\/sundar.be\/fr\/wp-json\/wp\/v2\/product\/42426","targetHints":{"allow":["GET"]}}],"collection":[{"href":"https:\/\/sundar.be\/fr\/wp-json\/wp\/v2\/product"}],"about":[{"href":"https:\/\/sundar.be\/fr\/wp-json\/wp\/v2\/types\/product"}],"replies":[{"embeddable":true,"href":"https:\/\/sundar.be\/fr\/wp-json\/wp\/v2\/comments?post=42426"}],"wp:featuredmedia":[{"embeddable":true,"href":"https:\/\/sundar.be\/fr\/wp-json\/wp\/v2\/media\/42422"}],"wp:attachment":[{"href":"https:\/\/sundar.be\/fr\/wp-json\/wp\/v2\/media?parent=42426"}],"wp:term":[{"taxonomy":"product_brand","embeddable":true,"href":"https:\/\/sundar.be\/fr\/wp-json\/wp\/v2\/product_brand?post=42426"},{"taxonomy":"product_cat","embeddable":true,"href":"https:\/\/sundar.be\/fr\/wp-json\/wp\/v2\/product_cat?post=42426"},{"taxonomy":"product_tag","embeddable":true,"href":"https:\/\/sundar.be\/fr\/wp-json\/wp\/v2\/product_tag?post=42426"}],"curies":[{"name":"wp","href":"https:\/\/api.w.org\/{rel}","templated":true}]}}