{"id":42399,"date":"2024-10-03T08:49:23","date_gmt":"2024-10-03T06:49:23","guid":{"rendered":"https:\/\/sundar.be\/product\/safe-microblades\/"},"modified":"2025-03-13T12:17:38","modified_gmt":"2025-03-13T11:17:38","slug":"safe-microblades","status":"publish","type":"product","link":"https:\/\/sundar.be\/fr\/produit\/safe-microblades\/","title":{"rendered":"Safe Microblades"},"content":{"rendered":"<h2>Safe Microblades<\/h2>\n<p>Ces lames ultra-fines (\u00e9paisseur de 0,10 mm) coupent des deux c\u00f4t\u00e9s. Gr\u00e2ce \u00e0 leur forme brevet\u00e9e, travailler avec ces lames est un v\u00e9ritable bienfait pour vos mains. <\/p>\n<p>Les \u00ab micro-lames \u00bb sont une nouvelle technique de coupe innovante qui consiste \u00e0 travailler avec une lame ronde. Les lames actuelles ont une \u00e9paisseur \u00e0 partir de 0,3 mm, mais les Micro Blades ne mesurent que 0,10 mm d&rsquo;\u00e9paisseur, ce qui en fait les lames les plus fines et les plus l\u00e9g\u00e8res sur le march\u00e9.<\/p>\n<p>La gamme Safe Microblades se compose de 5 lames diff\u00e9rentes, chacune ayant son utilisation id\u00e9ale :<\/p>\n<ul>\n<li><strong>Microblade 0:<\/strong> \u00e9liminer les callosit\u00e9s et les fissures<\/li>\n<li><strong>Microblade 1:<\/strong> \u00e9liminer les crevasses<\/li>\n<li><strong>Microblade 2:<\/strong> enlever les callosit\u00e9s sous l&rsquo;ongle<\/li>\n<li><strong>Microblade 3:<\/strong> \u00e9liminer les callosit\u00e9s dans les poches \u00e0 ongles<\/li>\n<li><strong>Microblade 5:<\/strong> \u00e9liminer les callosit\u00e9s plantaires importantes<\/li>\n<\/ul>\n","protected":false},"excerpt":{"rendered":"<p>Les \u00ab micro-lames \u00bb sont une nouvelle technique de coupe innovante qui consiste \u00e0 travailler avec une lame ronde.<\/p>\n","protected":false},"featured_media":42372,"comment_status":"open","ping_status":"closed","template":"","meta":{"_acf_changed":false},"product_brand":[],"product_cat":[4333,4765,1429],"product_tag":[],"class_list":{"0":"post-42399","1":"product","2":"type-product","3":"status-publish","4":"has-post-thumbnail","6":"product_cat-pinces-instruments-lames","7":"product_cat-matriel-de-pratique","8":"product_cat-pinces-instruments","9":"pa_maat-kit-de-demarrage-safe-microblades-shark-aluminium-no-0-1","10":"pa_maat-kit-de-demarrage-safe-microblades-shark-aluminium-no-2-3","11":"pa_maat-kit-de-demarrage-safe-microblades-shark-inox-no-0-1","12":"pa_maat-kit-de-demarrage-safe-microblades-shark-inox-no-2-3","13":"pa_maat-kit-de-demarrage-safe-microblades-systeme-rotatif-aluminium-no-2-3","14":"pa_maat-kit-de-demarrage-safe-microblades-systeme-rotatif-aluminium-no-5","15":"pa_maat-kit-de-demarrage-safe-microblades-systeme-rotatif-inox-no-0-1","16":"pa_maat-kit-de-demarrage-safe-microblades-systeme-rotatif-inox-no-2-3","17":"pa_maat-kit-de-demarrage-safe-microblades-systeme-rotatif-inox-no-5","18":"pa_maat-safe-microblades-mounting-tool-pour-nr-0-1-2","19":"pa_maat-safe-microblades-mounting-tool-pour-nr-2-3-5","20":"pa_maat-safe-microblades-nr-0-50-pieces","21":"pa_maat-safe-microblades-nr-1-50-pieces","22":"pa_maat-safe-microblades-nr-2-50-pieces","23":"pa_maat-safe-microblades-nr-3-50-pieces","24":"pa_maat-safe-microblades-nr-5-25-pieces","26":"first","27":"instock","28":"taxable","29":"shipping-taxable","30":"product-type-variable"},"acf":[],"_links":{"self":[{"href":"https:\/\/sundar.be\/fr\/wp-json\/wp\/v2\/product\/42399","targetHints":{"allow":["GET"]}}],"collection":[{"href":"https:\/\/sundar.be\/fr\/wp-json\/wp\/v2\/product"}],"about":[{"href":"https:\/\/sundar.be\/fr\/wp-json\/wp\/v2\/types\/product"}],"replies":[{"embeddable":true,"href":"https:\/\/sundar.be\/fr\/wp-json\/wp\/v2\/comments?post=42399"}],"wp:featuredmedia":[{"embeddable":true,"href":"https:\/\/sundar.be\/fr\/wp-json\/wp\/v2\/media\/42372"}],"wp:attachment":[{"href":"https:\/\/sundar.be\/fr\/wp-json\/wp\/v2\/media?parent=42399"}],"wp:term":[{"taxonomy":"product_brand","embeddable":true,"href":"https:\/\/sundar.be\/fr\/wp-json\/wp\/v2\/product_brand?post=42399"},{"taxonomy":"product_cat","embeddable":true,"href":"https:\/\/sundar.be\/fr\/wp-json\/wp\/v2\/product_cat?post=42399"},{"taxonomy":"product_tag","embeddable":true,"href":"https:\/\/sundar.be\/fr\/wp-json\/wp\/v2\/product_tag?post=42399"}],"curies":[{"name":"wp","href":"https:\/\/api.w.org\/{rel}","templated":true}]}}