{"id":42321,"date":"2024-10-02T15:49:17","date_gmt":"2024-10-02T13:49:17","guid":{"rendered":"https:\/\/sundar.be\/product\/bistouri-swann-morton-avec-manche-sterile-no-10-10-pieces\/"},"modified":"2025-03-13T12:28:21","modified_gmt":"2025-03-13T11:28:21","slug":"bistouri-swann-morton-avec-manche-sterile-no-10-10-pieces","status":"publish","type":"product","link":"https:\/\/sundar.be\/fr\/produit\/bistouri-swann-morton-avec-manche-sterile-no-10-10-pieces\/","title":{"rendered":"Bistouri Swann Morton avec manche, st\u00e9rile No 10, 10 pi\u00e8ces"},"content":{"rendered":"<p>Swann Morton Scalpel avec manche, st\u00e9rile n\u00b010, 10 pi\u00e8ces. Complet avec manche, con\u00e7u pour un usage unique uniquement. St\u00e9rilis\u00e9 individuellement sous film plastique et st\u00e9rilis\u00e9 par rayons gamma. Chaque bo\u00eete contient un total de 10 lames.  <\/p>\n<p>Les lames rouges Swann Morton sont des lames chirurgicales con\u00e7ues pour un travail polyvalent, notamment pour le traitement des plus petits cors et des cors mous entre les orteils. Les lames de scalpel Swann Morton sont fabriqu\u00e9es en acier au carbone selon les normes <strong>BS EN 27740<\/strong> et <strong>BS 2982<\/strong>, garantissant ainsi une qualit\u00e9 sup\u00e9rieure. <\/p>\n","protected":false},"excerpt":{"rendered":"<p>10x Bistouri de Swann Morton avec manche, No 10 lames st\u00e9riles<\/p>\n","protected":false},"featured_media":42320,"comment_status":"open","ping_status":"closed","template":"","meta":{"_acf_changed":false},"product_brand":[],"product_cat":[4333,4765,1429],"product_tag":[],"class_list":{"0":"post-42321","1":"product","2":"type-product","3":"status-publish","4":"has-post-thumbnail","6":"product_cat-pinces-instruments-lames","7":"product_cat-matriel-de-pratique","8":"product_cat-pinces-instruments","10":"first","11":"instock","12":"taxable","13":"shipping-taxable","14":"product-type-simple"},"acf":[],"_links":{"self":[{"href":"https:\/\/sundar.be\/fr\/wp-json\/wp\/v2\/product\/42321","targetHints":{"allow":["GET"]}}],"collection":[{"href":"https:\/\/sundar.be\/fr\/wp-json\/wp\/v2\/product"}],"about":[{"href":"https:\/\/sundar.be\/fr\/wp-json\/wp\/v2\/types\/product"}],"replies":[{"embeddable":true,"href":"https:\/\/sundar.be\/fr\/wp-json\/wp\/v2\/comments?post=42321"}],"wp:featuredmedia":[{"embeddable":true,"href":"https:\/\/sundar.be\/fr\/wp-json\/wp\/v2\/media\/42320"}],"wp:attachment":[{"href":"https:\/\/sundar.be\/fr\/wp-json\/wp\/v2\/media?parent=42321"}],"wp:term":[{"taxonomy":"product_brand","embeddable":true,"href":"https:\/\/sundar.be\/fr\/wp-json\/wp\/v2\/product_brand?post=42321"},{"taxonomy":"product_cat","embeddable":true,"href":"https:\/\/sundar.be\/fr\/wp-json\/wp\/v2\/product_cat?post=42321"},{"taxonomy":"product_tag","embeddable":true,"href":"https:\/\/sundar.be\/fr\/wp-json\/wp\/v2\/product_tag?post=42321"}],"curies":[{"name":"wp","href":"https:\/\/api.w.org\/{rel}","templated":true}]}}