{"id":42303,"date":"2024-10-02T12:00:53","date_gmt":"2024-10-02T10:26:25","guid":{"rendered":"https:\/\/sundar.be\/product\/swann-morton-lames-rouge-100-pieces\/"},"modified":"2025-04-21T00:01:43","modified_gmt":"2025-04-20T22:01:43","slug":"swann-morton-lames-rouge-100-pieces","status":"publish","type":"product","link":"https:\/\/sundar.be\/fr\/produit\/swann-morton-lames-rouge-100-pieces\/","title":{"rendered":"Lames Swann Morton Rouge"},"content":{"rendered":"<p>Les lames rouges Swann Morton sont des lames chirurgicales con\u00e7ues pour un travail polyvalent, notamment pour le traitement des plus petits cors et des cors mous entre les orteils.<\/p>\n<p>Les lames de scalpel Swann Morton sont fabriqu\u00e9es en acier au carbone selon les normes <strong>BS EN 27740<\/strong> et <strong>BS 2982<\/strong>, garantissant ainsi une qualit\u00e9 sup\u00e9rieure.<\/p>\n<h2>Emballage<\/h2>\n<p>Les lames de bistouri Swann Morton sont disponibles par 100 pi\u00e8ces ou \u00e0 l&rsquo;unit\u00e9. Les lames sont disponibles en diff\u00e9rentes tailles et en version <strong>st\u00e9rile <\/strong>ou <strong>non st\u00e9rile<\/strong>. Les lames st\u00e9riles sont emball\u00e9es individuellement dans une bo\u00eete. Les lames non st\u00e9riles sont emball\u00e9es par 5 paquets de 20 dans une bo\u00eete.  <\/p>\n<ul>\n<li>Les lames st\u00e9riles sont reconnaissables \u00e0 leur emballage rouge.<\/li>\n<li>Les lames non st\u00e9riles sont reconnaissables \u00e0 leur emballage bleu.<\/li>\n<\/ul>\n<h2>Accessoires<\/h2>\n<p>Les manches pour les lames Swann Morton sont les manches de bistouri. Ils sont disponibles en deux tailles : Mache de Bistouri n\u00b03 et Mache de Bistouri n\u00b04 <\/p>\n<ul>\n<li>Le manche de bistouri n\u00b0 3 est le support adapt\u00e9 aux lames n\u00b0 10 \u00e0 15.<\/li>\n<li>Le manche de bistouri n\u00b0 4 est le support adapt\u00e9 aux lames n\u00b0 20 \u00e0 24.<\/li>\n<\/ul>\n<p>Pour retirer et ranger les lames en toute s\u00e9curit\u00e9 apr\u00e8s utilisation, il existe le collecteur de couteaux + conteneur.<\/p>\n","protected":false},"excerpt":{"rendered":"<p class=\"serp-title\">Swann Morton Lames Rouge, 100 pi\u00e8ces &#8211; st\u00e9rile<\/p>\n","protected":false},"featured_media":42289,"comment_status":"open","ping_status":"closed","template":"","meta":{"_acf_changed":false},"product_brand":[],"product_cat":[4333,4765,1429],"product_tag":[],"class_list":{"0":"post-42303","1":"product","2":"type-product","3":"status-publish","4":"has-post-thumbnail","6":"product_cat-pinces-instruments-lames","7":"product_cat-matriel-de-pratique","8":"product_cat-pinces-instruments","9":"pa_maat-collecteur-de-couteaux-conteneur","10":"pa_maat-manche-de-bistouri-n-3","11":"pa_maat-manche-de-bistouri-n-4","12":"pa_maat-swann-morton-nr-10-rouge-100-pieces","13":"pa_maat-swann-morton-nr-10-rouge-1-piece","14":"pa_maat-swann-morton-nr-11-rouge-1-piece","15":"pa_maat-swann-morton-nr-11-rouge-100-pieces","16":"pa_maat-swann-morton-nr-15-rouge-1-piece","17":"pa_maat-swann-morton-nr-15-rouge-100-pieces","18":"pa_maat-swann-morton-nr-20-rouge-1-piece","19":"pa_maat-swann-morton-nr-20-rouge-100-pieces","20":"pa_maat-swann-morton-nr-21-rouge","21":"pa_maat-swann-morton-nr-21-rouge-100-pieces","22":"pa_maat-swann-morton-nr-23-rouge","23":"pa_maat-swann-morton-nr-23-rouge-100-pieces","24":"pa_maat-swann-morton-nr-24-rouge","25":"pa_maat-swann-morton-nr-24-rouge-100-pieces","27":"first","28":"instock","29":"taxable","30":"shipping-taxable","31":"product-type-variable"},"acf":[],"_links":{"self":[{"href":"https:\/\/sundar.be\/fr\/wp-json\/wp\/v2\/product\/42303","targetHints":{"allow":["GET"]}}],"collection":[{"href":"https:\/\/sundar.be\/fr\/wp-json\/wp\/v2\/product"}],"about":[{"href":"https:\/\/sundar.be\/fr\/wp-json\/wp\/v2\/types\/product"}],"replies":[{"embeddable":true,"href":"https:\/\/sundar.be\/fr\/wp-json\/wp\/v2\/comments?post=42303"}],"wp:featuredmedia":[{"embeddable":true,"href":"https:\/\/sundar.be\/fr\/wp-json\/wp\/v2\/media\/42289"}],"wp:attachment":[{"href":"https:\/\/sundar.be\/fr\/wp-json\/wp\/v2\/media?parent=42303"}],"wp:term":[{"taxonomy":"product_brand","embeddable":true,"href":"https:\/\/sundar.be\/fr\/wp-json\/wp\/v2\/product_brand?post=42303"},{"taxonomy":"product_cat","embeddable":true,"href":"https:\/\/sundar.be\/fr\/wp-json\/wp\/v2\/product_cat?post=42303"},{"taxonomy":"product_tag","embeddable":true,"href":"https:\/\/sundar.be\/fr\/wp-json\/wp\/v2\/product_tag?post=42303"}],"curies":[{"name":"wp","href":"https:\/\/api.w.org\/{rel}","templated":true}]}}