{"id":42264,"date":"2024-10-02T11:37:30","date_gmt":"2024-10-02T09:50:18","guid":{"rendered":"https:\/\/sundar.be\/product\/swann-morton-lames-bleu-100-pieces\/"},"modified":"2025-04-21T00:01:43","modified_gmt":"2025-04-20T22:01:43","slug":"swann-morton-lames-bleu-100-pieces","status":"publish","type":"product","link":"https:\/\/sundar.be\/fr\/produit\/swann-morton-lames-bleu-100-pieces\/","title":{"rendered":"Swann Morton Lames Bleu"},"content":{"rendered":"<p>Les lames bleues Swann Morton sont des lames chirurgicales con\u00e7ues pour un travail polyvalent, notamment pour le traitement des plus petits cors et des cors mous entre les orteils.<\/p>\n<p>Les lames de scalpel Swann Morton sont fabriqu\u00e9es en acier au carbone selon les normes <strong>BS EN 27740<\/strong> et <strong>BS 2982<\/strong>, garantissant ainsi une qualit\u00e9 sup\u00e9rieure.<\/p>\n<h2>Emballage<\/h2>\n<p>Les lames de bistouri Swann Morton sont emball\u00e9es par 100 ou par 5. Les lames sont disponibles en diff\u00e9rentes tailles et en version <strong>st\u00e9rile <\/strong>ou <strong>non st\u00e9rile<\/strong>. Les lames st\u00e9riles sont emball\u00e9es individuellement dans la bo\u00eete. Les lames non st\u00e9riles sont emball\u00e9es par 5 paquets de 20 dans une bo\u00eete.  <\/p>\n<ul>\n<li>Les lames st\u00e9riles sont reconnaissables \u00e0 leur emballage rouge.<\/li>\n<li>Les lames non st\u00e9riles sont reconnaissables \u00e0 leur emballage bleu.<\/li>\n<\/ul>\n<h2>Accessoires<\/h2>\n<p>Les supports\/manches des couteaux Swann Morton sont les manches de bistouri. Ils existent en deux tailles : le manche de bistouri num\u00e9ro 3 et le manche de bistouri num\u00e9ro 4. <\/p>\n<ul>\n<li>Le manche de bistouri n\u00b0 3 est le support adapt\u00e9 aux lames n\u00b0 10 \u00e0 15.<\/li>\n<li>Le manche de bistouri n\u00b0 4 est le support adapt\u00e9 aux lames n\u00b0 20 \u00e0 24.<\/li>\n<\/ul>\n<p>Pour retirer et ranger les lames en toute s\u00e9curit\u00e9 apr\u00e8s utilisation, il existe le collecteur de couteaux + conteneur.<\/p>\n<h4><\/h4>\n","protected":false},"excerpt":{"rendered":"<p>Lames de Swann Morton, <span class=\"base\" data-ui-id=\"page-title-wrapper\">non st\u00e9riles<\/span>.<\/p>\n","protected":false},"featured_media":42225,"comment_status":"open","ping_status":"closed","template":"","meta":{"_acf_changed":false},"product_brand":[],"product_cat":[4333,4765,1429],"product_tag":[],"class_list":{"0":"post-42264","1":"product","2":"type-product","3":"status-publish","4":"has-post-thumbnail","6":"product_cat-pinces-instruments-lames","7":"product_cat-matriel-de-pratique","8":"product_cat-pinces-instruments","9":"pa_maat-collecteur-de-couteaux-conteneur","10":"pa_maat-manche-de-bistouri-n-3","11":"pa_maat-manche-de-bistouri-n-4","12":"pa_maat-swann-morton-nr-10-bleu-100-pieces","13":"pa_maat-swann-morton-nr-10-bleu","14":"pa_maat-swann-morton-nr-10-bleu-5-pieces","15":"pa_maat-swann-morton-nr-11-bleu","16":"pa_maat-swann-morton-nr-11-bleu-100-pieces","17":"pa_maat-swann-morton-nr-11-bleu-5-pieces","18":"pa_maat-swann-morton-nr-14-bleu","19":"pa_maat-swann-morton-nr-14-bleu-100-pieces","20":"pa_maat-swann-morton-nr-15-bleu","21":"pa_maat-swann-morton-nr-15-bleu-100-pieces","22":"pa_maat-swann-morton-nr-15-bleu-5-pieces","23":"pa_maat-swann-morton-nr-20-bleu","24":"pa_maat-swann-morton-nr-20-bleu-100-pieces","25":"pa_maat-swann-morton-nr-20-bleu-5-pieces","26":"pa_maat-swann-morton-nr-21-bleu","27":"pa_maat-swann-morton-nr-21-bleu-100-pieces","28":"pa_maat-swann-morton-nr-21-bleu-5-pieces","29":"pa_maat-swann-morton-nr-22-bleu","30":"pa_maat-swann-morton-nr-22-bleu-100-pieces","31":"pa_maat-swann-morton-nr-22-bleu-5-pieces","32":"pa_maat-swann-morton-nr-23-bleu","33":"pa_maat-swann-morton-nr-23-bleu-100-pieces","34":"pa_maat-swann-morton-nr-23-bleu-5-pieces","35":"pa_maat-swann-morton-nr-24-bleu","36":"pa_maat-swann-morton-nr-24-bleu-100-pieces","37":"pa_maat-swann-morton-nr-24-bleu-5-pieces","39":"first","40":"instock","41":"taxable","42":"shipping-taxable","43":"product-type-variable"},"acf":[],"_links":{"self":[{"href":"https:\/\/sundar.be\/fr\/wp-json\/wp\/v2\/product\/42264","targetHints":{"allow":["GET"]}}],"collection":[{"href":"https:\/\/sundar.be\/fr\/wp-json\/wp\/v2\/product"}],"about":[{"href":"https:\/\/sundar.be\/fr\/wp-json\/wp\/v2\/types\/product"}],"replies":[{"embeddable":true,"href":"https:\/\/sundar.be\/fr\/wp-json\/wp\/v2\/comments?post=42264"}],"wp:featuredmedia":[{"embeddable":true,"href":"https:\/\/sundar.be\/fr\/wp-json\/wp\/v2\/media\/42225"}],"wp:attachment":[{"href":"https:\/\/sundar.be\/fr\/wp-json\/wp\/v2\/media?parent=42264"}],"wp:term":[{"taxonomy":"product_brand","embeddable":true,"href":"https:\/\/sundar.be\/fr\/wp-json\/wp\/v2\/product_brand?post=42264"},{"taxonomy":"product_cat","embeddable":true,"href":"https:\/\/sundar.be\/fr\/wp-json\/wp\/v2\/product_cat?post=42264"},{"taxonomy":"product_tag","embeddable":true,"href":"https:\/\/sundar.be\/fr\/wp-json\/wp\/v2\/product_tag?post=42264"}],"curies":[{"name":"wp","href":"https:\/\/api.w.org\/{rel}","templated":true}]}}