{"id":42206,"date":"2024-10-02T10:41:41","date_gmt":"2024-10-02T08:41:41","guid":{"rendered":"https:\/\/sundar.be\/product\/swann-morton-no-10r-vert-100-pieces\/"},"modified":"2025-03-13T12:33:04","modified_gmt":"2025-03-13T11:33:04","slug":"swann-morton-no-10r-vert-100-pieces","status":"publish","type":"product","link":"https:\/\/sundar.be\/fr\/produit\/swann-morton-no-10r-vert-100-pieces\/","title":{"rendered":"Swann morton no.10R VERT, 100 pi\u00e8ces"},"content":{"rendered":"<p>Swann Morton n\u00b010R VERT; Cette lame, \u00e9galement appel\u00e9e \u00ab\u00a0<strong>couteau \u00e0 beurre<\/strong>\u00ab\u00a0, est utilis\u00e9e en dermaplaning dans l&rsquo;industrie de la beaut\u00e9. Pour les p\u00e9dicures, elle est tr\u00e8s pratique pour gratter les peaux mortes des pieds. <\/p>\n<p>Les lames Swann Morton sont les plus utilis\u00e9es en raison de leur haute qualit\u00e9. Elles sont fabriqu\u00e9es en acier au carbone de premi\u00e8re qualit\u00e9 et r\u00e9pondent aux exigences les plus \u00e9lev\u00e9es. <\/p>\n<p>Ces lames sont st\u00e9rilis\u00e9es individuellement sous film plastique et st\u00e9rilis\u00e9es par rayons gamma. Compatibles avec le manche de scalpel n\u00b03. <\/p>\n","protected":false},"excerpt":{"rendered":"<p>Swann Morton n\u00b010R VERT; Cette lame, \u00e9galement appel\u00e9e \u00ab\u00a0couteau \u00e0 beurre\u00ab\u00a0, est utilis\u00e9e en dermaplaning dans l&rsquo;industrie de la beaut\u00e9. Pour les p\u00e9dicures, elle est tr\u00e8s pratique pour gratter les peaux mortes des pieds. Les lames Swann Morton sont les plus utilis\u00e9es en raison de leur haute qualit\u00e9. Elles sont fabriqu\u00e9es en acier au carbone [&hellip;]<\/p>\n","protected":false},"featured_media":42191,"comment_status":"open","ping_status":"closed","template":"","meta":{"_acf_changed":false},"product_brand":[],"product_cat":[4333,4765,1429],"product_tag":[],"class_list":{"0":"post-42206","1":"product","2":"type-product","3":"status-publish","4":"has-post-thumbnail","6":"product_cat-pinces-instruments-lames","7":"product_cat-matriel-de-pratique","8":"product_cat-pinces-instruments","10":"first","11":"instock","12":"taxable","13":"shipping-taxable","14":"product-type-simple"},"acf":[],"_links":{"self":[{"href":"https:\/\/sundar.be\/fr\/wp-json\/wp\/v2\/product\/42206","targetHints":{"allow":["GET"]}}],"collection":[{"href":"https:\/\/sundar.be\/fr\/wp-json\/wp\/v2\/product"}],"about":[{"href":"https:\/\/sundar.be\/fr\/wp-json\/wp\/v2\/types\/product"}],"replies":[{"embeddable":true,"href":"https:\/\/sundar.be\/fr\/wp-json\/wp\/v2\/comments?post=42206"}],"wp:featuredmedia":[{"embeddable":true,"href":"https:\/\/sundar.be\/fr\/wp-json\/wp\/v2\/media\/42191"}],"wp:attachment":[{"href":"https:\/\/sundar.be\/fr\/wp-json\/wp\/v2\/media?parent=42206"}],"wp:term":[{"taxonomy":"product_brand","embeddable":true,"href":"https:\/\/sundar.be\/fr\/wp-json\/wp\/v2\/product_brand?post=42206"},{"taxonomy":"product_cat","embeddable":true,"href":"https:\/\/sundar.be\/fr\/wp-json\/wp\/v2\/product_cat?post=42206"},{"taxonomy":"product_tag","embeddable":true,"href":"https:\/\/sundar.be\/fr\/wp-json\/wp\/v2\/product_tag?post=42206"}],"curies":[{"name":"wp","href":"https:\/\/api.w.org\/{rel}","templated":true}]}}