{"id":41998,"date":"2024-10-01T19:54:49","date_gmt":"2024-10-01T17:54:49","guid":{"rendered":"https:\/\/sundar.be\/product\/wave-coupe-tete-demi-14-cm\/"},"modified":"2025-03-13T12:33:24","modified_gmt":"2025-03-13T11:33:24","slug":"wave-coupe-tete-demi-14-cm","status":"publish","type":"product","link":"https:\/\/sundar.be\/fr\/produit\/wave-coupe-tete-demi-14-cm\/","title":{"rendered":"Wave Coupe-T\u00eate Demi 14 cm"},"content":{"rendered":"<div class=\"wp-site-blocks\">\n<section class=\"single-product-overview-details\">\n<div class=\"single-product-overview-details__product-description\">\n<div class=\"wrapper\">\n<div class=\"single-product-overview-details__product-tab-content\">\n<div class=\"single-product-overview-details__product-tab-text single-product-overview-details__product-tab-text--is-active\" data-tab=\"description\">\n<div class=\"single-product-overview-details__product-tab-text-description\">Couteau \u00e0 demi-t\u00eate. Pratique gr\u00e2ce \u00e0 sa forme en VAGUE. 14 cm.  <\/div>\n<\/div>\n<\/div>\n<\/div>\n<\/div>\n<\/section>\n<\/div>\n<div class=\"single-product-overview-details__bought-together\">\n<div class=\"wrapper\">\n<div class=\"single-product-overview-details__products\"><\/div>\n<\/div>\n<\/div>\n<div class=\"msk-woocommerce-related-products\">\n<div class=\"wrapper\"><\/div>\n<\/div>\n","protected":false},"excerpt":{"rendered":"<p>Couteau \u00e0 demi-t\u00eate. Pratique gr\u00e2ce \u00e0 sa forme en VAGUE. 14 cm.<\/p>\n","protected":false},"featured_media":41996,"comment_status":"open","ping_status":"closed","template":"","meta":{"_acf_changed":false},"product_brand":[],"product_cat":[4765,4331,1429,4290],"product_tag":[],"class_list":{"0":"post-41998","1":"product","2":"type-product","3":"status-publish","4":"has-post-thumbnail","6":"product_cat-matriel-de-pratique","7":"product_cat-pinces-instruments-pinces","8":"product_cat-pinces-instruments","9":"product_cat-pinces-instruments-pince-ultra-cut","11":"first","12":"instock","13":"taxable","14":"shipping-taxable","15":"product-type-simple"},"acf":[],"_links":{"self":[{"href":"https:\/\/sundar.be\/fr\/wp-json\/wp\/v2\/product\/41998","targetHints":{"allow":["GET"]}}],"collection":[{"href":"https:\/\/sundar.be\/fr\/wp-json\/wp\/v2\/product"}],"about":[{"href":"https:\/\/sundar.be\/fr\/wp-json\/wp\/v2\/types\/product"}],"replies":[{"embeddable":true,"href":"https:\/\/sundar.be\/fr\/wp-json\/wp\/v2\/comments?post=41998"}],"wp:featuredmedia":[{"embeddable":true,"href":"https:\/\/sundar.be\/fr\/wp-json\/wp\/v2\/media\/41996"}],"wp:attachment":[{"href":"https:\/\/sundar.be\/fr\/wp-json\/wp\/v2\/media?parent=41998"}],"wp:term":[{"taxonomy":"product_brand","embeddable":true,"href":"https:\/\/sundar.be\/fr\/wp-json\/wp\/v2\/product_brand?post=41998"},{"taxonomy":"product_cat","embeddable":true,"href":"https:\/\/sundar.be\/fr\/wp-json\/wp\/v2\/product_cat?post=41998"},{"taxonomy":"product_tag","embeddable":true,"href":"https:\/\/sundar.be\/fr\/wp-json\/wp\/v2\/product_tag?post=41998"}],"curies":[{"name":"wp","href":"https:\/\/api.w.org\/{rel}","templated":true}]}}