{"id":41986,"date":"2024-10-01T19:50:45","date_gmt":"2024-10-01T17:51:40","guid":{"rendered":"https:\/\/sundar.be\/product\/pince-a-tete-souple-en-acier-inoxydable-12-cm-normal\/"},"modified":"2025-03-13T12:38:54","modified_gmt":"2025-03-13T11:38:54","slug":"pince-a-tete-souple-en-acier-inoxydable-12-cm-normal","status":"publish","type":"product","link":"https:\/\/sundar.be\/fr\/produit\/pince-a-tete-souple-en-acier-inoxydable-12-cm-normal\/","title":{"rendered":"Pince \u00e0 t\u00eate souple en acier inoxydable 12 cm normal"},"content":{"rendered":"<p>Pince \u00e0 t\u00eate souple en acier inoxydable 12 cm normal &#8211; 501291 &#8211; Avec la \u00ab\u00a0Pince \u00e0 t\u00eate souple\u00a0\u00bb vous coupez tr\u00e8s facilement et en toute d\u00e9contraction tout au long de la journ\u00e9e. Vous n&rsquo;utilisez que 20 % de la force normalement n\u00e9cessaire pour couper tous les ongles : \u00e9pais, fins, durs ou mous sans aucun probl\u00e8me. Peu importe que vous deviez couper des ongles extr\u00eamement durs ou \u00e9pais, tout est tr\u00e8s facile et d\u00e9tendu gr\u00e2ce \u00e0 la \u00ab\u00a0Pince \u00e0 t\u00eate souple\u00a0\u00bb.  <\/p>\n","protected":false},"excerpt":{"rendered":"<p>Pince \u00e0 t\u00eate souple en acier inoxydable 12 cm normal &#8211; 501291 &#8211; Avec la \u00ab\u00a0Pince \u00e0 t\u00eate souple\u00a0\u00bb vous coupez tr\u00e8s facilement et en toute d\u00e9contraction tout au long de la journ\u00e9e. Vous n&rsquo;utilisez que 20 % de la force normalement n\u00e9cessaire pour couper tous les ongles : \u00e9pais, fins, durs ou mous sans [&hellip;]<\/p>\n","protected":false},"featured_media":41984,"comment_status":"open","ping_status":"closed","template":"","meta":{"_acf_changed":false},"product_brand":[],"product_cat":[4765,4331,1429,4290],"product_tag":[],"class_list":{"0":"post-41986","1":"product","2":"type-product","3":"status-publish","4":"has-post-thumbnail","6":"product_cat-matriel-de-pratique","7":"product_cat-pinces-instruments-pinces","8":"product_cat-pinces-instruments","9":"product_cat-pinces-instruments-pince-ultra-cut","11":"first","12":"instock","13":"taxable","14":"shipping-taxable","15":"product-type-simple"},"acf":[],"_links":{"self":[{"href":"https:\/\/sundar.be\/fr\/wp-json\/wp\/v2\/product\/41986","targetHints":{"allow":["GET"]}}],"collection":[{"href":"https:\/\/sundar.be\/fr\/wp-json\/wp\/v2\/product"}],"about":[{"href":"https:\/\/sundar.be\/fr\/wp-json\/wp\/v2\/types\/product"}],"replies":[{"embeddable":true,"href":"https:\/\/sundar.be\/fr\/wp-json\/wp\/v2\/comments?post=41986"}],"wp:featuredmedia":[{"embeddable":true,"href":"https:\/\/sundar.be\/fr\/wp-json\/wp\/v2\/media\/41984"}],"wp:attachment":[{"href":"https:\/\/sundar.be\/fr\/wp-json\/wp\/v2\/media?parent=41986"}],"wp:term":[{"taxonomy":"product_brand","embeddable":true,"href":"https:\/\/sundar.be\/fr\/wp-json\/wp\/v2\/product_brand?post=41986"},{"taxonomy":"product_cat","embeddable":true,"href":"https:\/\/sundar.be\/fr\/wp-json\/wp\/v2\/product_cat?post=41986"},{"taxonomy":"product_tag","embeddable":true,"href":"https:\/\/sundar.be\/fr\/wp-json\/wp\/v2\/product_tag?post=41986"}],"curies":[{"name":"wp","href":"https:\/\/api.w.org\/{rel}","templated":true}]}}