{"id":41973,"date":"2024-10-01T19:43:29","date_gmt":"2024-10-01T17:44:22","guid":{"rendered":"https:\/\/sundar.be\/product\/pince-dorthonyxie\/"},"modified":"2025-03-13T12:39:00","modified_gmt":"2025-03-13T11:39:00","slug":"pince-dorthonyxie","status":"publish","type":"product","link":"https:\/\/sundar.be\/fr\/produit\/pince-dorthonyxie\/","title":{"rendered":"Pince d&rsquo;orthonyxie"},"content":{"rendered":"<div class=\"single-product-overview-details__product-tab-text single-product-overview-details__product-tab-text--is-active\" data-tab=\"description\">\n<div class=\"single-product-overview-details__product-tab-text-description\">La pince pour barre \u00e0 clous est l&rsquo;outil id\u00e9al pour modeler le fil en une barre \u00e0 clous. La pointe est con\u00e7ue de mani\u00e8re \u00e0 permettre la r\u00e9alisation d&rsquo;un \u00ab\u00a0crochet\u00a0\u00bb sur les bords ext\u00e9rieurs. Elle dispose \u00e9galement d&rsquo;une surface de coupe pour couper le fil.  <\/div>\n<\/div>\n","protected":false},"excerpt":{"rendered":"<p>La pince pour barre \u00e0 clous est l&rsquo;outil id\u00e9al pour modeler le fil en une barre \u00e0 clous. La pointe est con\u00e7ue de mani\u00e8re \u00e0 permettre la r\u00e9alisation d&rsquo;un \u00ab\u00a0crochet\u00a0\u00bb sur les bords ext\u00e9rieurs. Elle dispose \u00e9galement d&rsquo;une surface de coupe pour couper le fil.<\/p>\n","protected":false},"featured_media":41970,"comment_status":"open","ping_status":"closed","template":"","meta":{"_acf_changed":false},"product_brand":[],"product_cat":[4765,4331,4295,1429],"product_tag":[],"class_list":{"0":"post-41973","1":"product","2":"type-product","3":"status-publish","4":"has-post-thumbnail","6":"product_cat-matriel-de-pratique","7":"product_cat-pinces-instruments-pinces","8":"product_cat-pinces-instrument-pinces-a-crochet","9":"product_cat-pinces-instruments","11":"first","12":"instock","13":"taxable","14":"shipping-taxable","15":"product-type-simple"},"acf":[],"_links":{"self":[{"href":"https:\/\/sundar.be\/fr\/wp-json\/wp\/v2\/product\/41973","targetHints":{"allow":["GET"]}}],"collection":[{"href":"https:\/\/sundar.be\/fr\/wp-json\/wp\/v2\/product"}],"about":[{"href":"https:\/\/sundar.be\/fr\/wp-json\/wp\/v2\/types\/product"}],"replies":[{"embeddable":true,"href":"https:\/\/sundar.be\/fr\/wp-json\/wp\/v2\/comments?post=41973"}],"wp:featuredmedia":[{"embeddable":true,"href":"https:\/\/sundar.be\/fr\/wp-json\/wp\/v2\/media\/41970"}],"wp:attachment":[{"href":"https:\/\/sundar.be\/fr\/wp-json\/wp\/v2\/media?parent=41973"}],"wp:term":[{"taxonomy":"product_brand","embeddable":true,"href":"https:\/\/sundar.be\/fr\/wp-json\/wp\/v2\/product_brand?post=41973"},{"taxonomy":"product_cat","embeddable":true,"href":"https:\/\/sundar.be\/fr\/wp-json\/wp\/v2\/product_cat?post=41973"},{"taxonomy":"product_tag","embeddable":true,"href":"https:\/\/sundar.be\/fr\/wp-json\/wp\/v2\/product_tag?post=41973"}],"curies":[{"name":"wp","href":"https:\/\/api.w.org\/{rel}","templated":true}]}}