{"id":41957,"date":"2024-10-01T19:37:33","date_gmt":"2024-10-01T17:38:54","guid":{"rendered":"https:\/\/sundar.be\/product\/msk-pince-a-tete-souple-diabete-original\/"},"modified":"2025-03-13T12:43:00","modified_gmt":"2025-03-13T11:43:00","slug":"msk-pince-a-tete-souple-diabete-original","status":"publish","type":"product","link":"https:\/\/sundar.be\/fr\/produit\/msk-pince-a-tete-souple-diabete-original\/","title":{"rendered":"MSK Pince \u00e0 t\u00eate souple diab\u00e8te original"},"content":{"rendered":"<h4>MSK Softkoptang Original Diabetes<\/h4>\n<p>Pour pr\u00e9venir d&rsquo;\u00e9ventuelles blessures, il existe la MSK Softkoptang Original Diab\u00e8te. Sur ce mod\u00e8le, la partie sup\u00e9rieure de la pince est arrondie, r\u00e9duisant ainsi quasiment tout risque de l\u00e9sion cutan\u00e9e.  <\/p>\n<p>Les m\u00e2choires pr\u00e9sentent une surface courb\u00e9e compos\u00e9e non pas d\u2019une, mais de deux fines pointes arrondies. Cela permet de couper l\u2019ongle de mani\u00e8re parfaitement arrondie, rendant cette pince id\u00e9ale non seulement pour les ongles classiques, mais aussi pour les ongles \u00e9pais et \u00e9paissis.   <\/p>\n<p>L&rsquo;utilisation d&rsquo;une pince \u00e0 t\u00eate est moins contraignante pour les articulations de l&rsquo;\u00e9paule, du coude et du poignet, gr\u00e2ce \u00e0 une meilleure posture de travail, car la surface de coupe se situe \u00e0 l&rsquo;avant de la pince.<\/p>\n","protected":false},"excerpt":{"rendered":"<p>MSK Softkoptang Original Diabetes Pour pr\u00e9venir d&rsquo;\u00e9ventuelles blessures, il existe la MSK Softkoptang Original Diab\u00e8te. Sur ce mod\u00e8le, la partie sup\u00e9rieure de la pince est arrondie, r\u00e9duisant ainsi quasiment tout risque de l\u00e9sion cutan\u00e9e. Les m\u00e2choires pr\u00e9sentent une surface courb\u00e9e compos\u00e9e non pas d\u2019une, mais de deux fines pointes arrondies. Cela permet de couper l\u2019ongle [&hellip;]<\/p>\n","protected":false},"featured_media":41948,"comment_status":"open","ping_status":"closed","template":"","meta":{"_acf_changed":false},"product_brand":[],"product_cat":[4765,4331,1429,4290],"product_tag":[],"class_list":{"0":"post-41957","1":"product","2":"type-product","3":"status-publish","4":"has-post-thumbnail","6":"product_cat-matriel-de-pratique","7":"product_cat-pinces-instruments-pinces","8":"product_cat-pinces-instruments","9":"product_cat-pinces-instruments-pince-ultra-cut","11":"first","12":"instock","13":"taxable","14":"shipping-taxable","15":"product-type-simple"},"acf":[],"_links":{"self":[{"href":"https:\/\/sundar.be\/fr\/wp-json\/wp\/v2\/product\/41957","targetHints":{"allow":["GET"]}}],"collection":[{"href":"https:\/\/sundar.be\/fr\/wp-json\/wp\/v2\/product"}],"about":[{"href":"https:\/\/sundar.be\/fr\/wp-json\/wp\/v2\/types\/product"}],"replies":[{"embeddable":true,"href":"https:\/\/sundar.be\/fr\/wp-json\/wp\/v2\/comments?post=41957"}],"wp:featuredmedia":[{"embeddable":true,"href":"https:\/\/sundar.be\/fr\/wp-json\/wp\/v2\/media\/41948"}],"wp:attachment":[{"href":"https:\/\/sundar.be\/fr\/wp-json\/wp\/v2\/media?parent=41957"}],"wp:term":[{"taxonomy":"product_brand","embeddable":true,"href":"https:\/\/sundar.be\/fr\/wp-json\/wp\/v2\/product_brand?post=41957"},{"taxonomy":"product_cat","embeddable":true,"href":"https:\/\/sundar.be\/fr\/wp-json\/wp\/v2\/product_cat?post=41957"},{"taxonomy":"product_tag","embeddable":true,"href":"https:\/\/sundar.be\/fr\/wp-json\/wp\/v2\/product_tag?post=41957"}],"curies":[{"name":"wp","href":"https:\/\/api.w.org\/{rel}","templated":true}]}}