{"id":41955,"date":"2024-10-01T19:36:26","date_gmt":"2024-10-01T17:38:11","guid":{"rendered":"https:\/\/sundar.be\/product\/msk-pince-a-tete-souple-originale\/"},"modified":"2025-03-13T12:42:59","modified_gmt":"2025-03-13T11:42:59","slug":"msk-pince-a-tete-souple-originale","status":"publish","type":"product","link":"https:\/\/sundar.be\/fr\/produit\/msk-pince-a-tete-souple-originale\/","title":{"rendered":"MSK Pince \u00e0 t\u00eate souple originale"},"content":{"rendered":"<h4>MSK Pince \u00e0 t\u00eate souple originale<\/h4>\n<p>avec syst\u00e8me sp\u00e9cial de ressort de pression Avec le MSK Softkoptang original, vous coupez tr\u00e8s facilement et en toute d\u00e9contraction tout au long de la journ\u00e9e. Vous n&rsquo;utilisez que 20 % de la force normalement n\u00e9cessaire pour couper tous les ongles : \u00e9pais, fins, durs ou mous sans aucun probl\u00e8me. L&rsquo;instrument tient tr\u00e8s bien dans la main, il est l\u00e9ger et poss\u00e8de des ressorts crois\u00e9s. Bien entendu, l&rsquo;instrument peut \u00eatre simplement nettoy\u00e9 dans une machine \u00e0 ultrasons et st\u00e9rilis\u00e9 par la suite si n\u00e9cessaire.   <\/p>\n","protected":false},"excerpt":{"rendered":"<p>MSK Pince \u00e0 t\u00eate souple originale avec syst\u00e8me sp\u00e9cial de ressort de pression Avec le MSK Softkoptang original, vous coupez tr\u00e8s facilement et en toute d\u00e9contraction tout au long de la journ\u00e9e. Vous n&rsquo;utilisez que 20 % de la force normalement n\u00e9cessaire pour couper tous les ongles : \u00e9pais, fins, durs ou mous sans aucun [&hellip;]<\/p>\n","protected":false},"featured_media":41948,"comment_status":"open","ping_status":"closed","template":"","meta":{"_acf_changed":false},"product_brand":[],"product_cat":[4765,4331,1429,4290],"product_tag":[],"class_list":{"0":"post-41955","1":"product","2":"type-product","3":"status-publish","4":"has-post-thumbnail","6":"product_cat-matriel-de-pratique","7":"product_cat-pinces-instruments-pinces","8":"product_cat-pinces-instruments","9":"product_cat-pinces-instruments-pince-ultra-cut","11":"first","12":"instock","13":"taxable","14":"shipping-taxable","15":"product-type-simple"},"acf":[],"_links":{"self":[{"href":"https:\/\/sundar.be\/fr\/wp-json\/wp\/v2\/product\/41955","targetHints":{"allow":["GET"]}}],"collection":[{"href":"https:\/\/sundar.be\/fr\/wp-json\/wp\/v2\/product"}],"about":[{"href":"https:\/\/sundar.be\/fr\/wp-json\/wp\/v2\/types\/product"}],"replies":[{"embeddable":true,"href":"https:\/\/sundar.be\/fr\/wp-json\/wp\/v2\/comments?post=41955"}],"wp:featuredmedia":[{"embeddable":true,"href":"https:\/\/sundar.be\/fr\/wp-json\/wp\/v2\/media\/41948"}],"wp:attachment":[{"href":"https:\/\/sundar.be\/fr\/wp-json\/wp\/v2\/media?parent=41955"}],"wp:term":[{"taxonomy":"product_brand","embeddable":true,"href":"https:\/\/sundar.be\/fr\/wp-json\/wp\/v2\/product_brand?post=41955"},{"taxonomy":"product_cat","embeddable":true,"href":"https:\/\/sundar.be\/fr\/wp-json\/wp\/v2\/product_cat?post=41955"},{"taxonomy":"product_tag","embeddable":true,"href":"https:\/\/sundar.be\/fr\/wp-json\/wp\/v2\/product_tag?post=41955"}],"curies":[{"name":"wp","href":"https:\/\/api.w.org\/{rel}","templated":true}]}}