{"id":41953,"date":"2024-10-01T19:31:58","date_gmt":"2024-10-01T17:37:53","guid":{"rendered":"https:\/\/sundar.be\/product\/coupe-ongles-inox-cobalt\/"},"modified":"2025-03-13T12:42:56","modified_gmt":"2025-03-13T11:42:56","slug":"coupe-ongles-inox-cobalt","status":"publish","type":"product","link":"https:\/\/sundar.be\/fr\/produit\/coupe-ongles-inox-cobalt\/","title":{"rendered":"Coupe-ongles Inox\/Cobalt"},"content":{"rendered":"<div class=\"single-product-overview-details__product-tab-text single-product-overview-details__product-tab-text--is-active\" data-tab=\"description\">\n<div class=\"single-product-overview-details__product-tab-text-description\">Pince \u00e0 fendre les clous. Entre autres, elle convient parfaitement \u00e0 l&rsquo;utilisation d&rsquo;un clou de tunnel. De par sa conception, elle poss\u00e8de un c\u00f4t\u00e9 fin et \u00e9mouss\u00e9 qui peut \u00eatre gliss\u00e9 sous l&rsquo;ongle. Le c\u00f4t\u00e9 sup\u00e9rieur (le tranchant) peut alors \u00eatre utilis\u00e9 pour couper l&rsquo;ongle.   <\/div>\n<\/div>\n","protected":false},"excerpt":{"rendered":"<p>Pince \u00e0 fendre les clous. Entre autres, elle convient parfaitement \u00e0 l&rsquo;utilisation d&rsquo;un clou de tunnel. De par sa conception, elle poss\u00e8de un c\u00f4t\u00e9 fin et \u00e9mouss\u00e9 qui peut \u00eatre gliss\u00e9 sous l&rsquo;ongle. Le c\u00f4t\u00e9 sup\u00e9rieur (le tranchant) peut alors \u00eatre utilis\u00e9 pour couper l&rsquo;ongle.<\/p>\n","protected":false},"featured_media":41937,"comment_status":"open","ping_status":"closed","template":"","meta":{"_acf_changed":false},"product_brand":[],"product_cat":[4765,4331,1429,4298],"product_tag":[],"class_list":{"0":"post-41953","1":"product","2":"type-product","3":"status-publish","4":"has-post-thumbnail","6":"product_cat-matriel-de-pratique","7":"product_cat-pinces-instruments-pinces","8":"product_cat-pinces-instruments","9":"product_cat-pinces-instruments-pinces-solides","11":"first","12":"instock","13":"taxable","14":"shipping-taxable","15":"product-type-simple"},"acf":[],"_links":{"self":[{"href":"https:\/\/sundar.be\/fr\/wp-json\/wp\/v2\/product\/41953","targetHints":{"allow":["GET"]}}],"collection":[{"href":"https:\/\/sundar.be\/fr\/wp-json\/wp\/v2\/product"}],"about":[{"href":"https:\/\/sundar.be\/fr\/wp-json\/wp\/v2\/types\/product"}],"replies":[{"embeddable":true,"href":"https:\/\/sundar.be\/fr\/wp-json\/wp\/v2\/comments?post=41953"}],"wp:featuredmedia":[{"embeddable":true,"href":"https:\/\/sundar.be\/fr\/wp-json\/wp\/v2\/media\/41937"}],"wp:attachment":[{"href":"https:\/\/sundar.be\/fr\/wp-json\/wp\/v2\/media?parent=41953"}],"wp:term":[{"taxonomy":"product_brand","embeddable":true,"href":"https:\/\/sundar.be\/fr\/wp-json\/wp\/v2\/product_brand?post=41953"},{"taxonomy":"product_cat","embeddable":true,"href":"https:\/\/sundar.be\/fr\/wp-json\/wp\/v2\/product_cat?post=41953"},{"taxonomy":"product_tag","embeddable":true,"href":"https:\/\/sundar.be\/fr\/wp-json\/wp\/v2\/product_tag?post=41953"}],"curies":[{"name":"wp","href":"https:\/\/api.w.org\/{rel}","templated":true}]}}