{"id":41934,"date":"2024-10-01T10:53:02","date_gmt":"2024-10-01T08:53:02","guid":{"rendered":"https:\/\/sundar.be\/product\/ciseaux-a-cuticules-extra\/"},"modified":"2025-03-13T12:49:12","modified_gmt":"2025-03-13T11:49:12","slug":"ciseaux-a-cuticules-extra","status":"publish","type":"product","link":"https:\/\/sundar.be\/fr\/produit\/ciseaux-a-cuticules-extra\/","title":{"rendered":"Ciseaux \u00e0 Cuticules Extra"},"content":{"rendered":"<div class=\"single-product-overview-details__product-tab-text single-product-overview-details__product-tab-text--is-active\" data-tab=\"description\">\n<div class=\"single-product-overview-details__product-tab-text-description\">Ces ciseaux \u00e0 cuticules sont un outil incontournable dans tout salon de manucure. Gr\u00e2ce \u00e0 ces ciseaux, vous pouvez retirer les cuticules avec pr\u00e9cision afin que les ongles soient bien pr\u00e9par\u00e9s pour la manucure. La lame tranchante, aiguis\u00e9e \u00e0 la main puis polie, vous permet de retirer les cuticules en toute s\u00e9curit\u00e9 et avec pr\u00e9cision.  <\/div>\n<\/div>\n","protected":false},"excerpt":{"rendered":"<p>Ces ciseaux \u00e0 cuticules sont un outil incontournable dans tout salon de manucure. Gr\u00e2ce \u00e0 ces ciseaux, vous pouvez retirer les cuticules avec pr\u00e9cision afin que les ongles soient bien pr\u00e9par\u00e9s pour la manucure. La lame tranchante, aiguis\u00e9e \u00e0 la main puis polie, vous permet de retirer les cuticules en toute s\u00e9curit\u00e9 et avec pr\u00e9cision.<\/p>\n","protected":false},"featured_media":41492,"comment_status":"open","ping_status":"closed","template":"","meta":{"_acf_changed":false},"product_brand":[],"product_cat":[4265,4656,5008,4765,1532,5014,4331,4300,1429,4761],"product_tag":[],"class_list":{"0":"post-41934","1":"product","2":"type-product","3":"status-publish","4":"has-post-thumbnail","6":"product_cat-pinces-instruments-cisseaux","7":"product_cat-instruments-manucure","8":"product_cat-manucure-materiel-manucure","9":"product_cat-matriel-de-pratique","10":"product_cat-materiels","11":"product_cat-pose-ongles-outils-manucure","12":"product_cat-pinces-instruments-pinces","13":"product_cat-pinces-instrument-pinces-a-peau","14":"product_cat-pinces-instruments","15":"product_cat-pose-ongles","17":"first","18":"instock","19":"taxable","20":"shipping-taxable","21":"product-type-simple"},"acf":[],"_links":{"self":[{"href":"https:\/\/sundar.be\/fr\/wp-json\/wp\/v2\/product\/41934","targetHints":{"allow":["GET"]}}],"collection":[{"href":"https:\/\/sundar.be\/fr\/wp-json\/wp\/v2\/product"}],"about":[{"href":"https:\/\/sundar.be\/fr\/wp-json\/wp\/v2\/types\/product"}],"replies":[{"embeddable":true,"href":"https:\/\/sundar.be\/fr\/wp-json\/wp\/v2\/comments?post=41934"}],"wp:featuredmedia":[{"embeddable":true,"href":"https:\/\/sundar.be\/fr\/wp-json\/wp\/v2\/media\/41492"}],"wp:attachment":[{"href":"https:\/\/sundar.be\/fr\/wp-json\/wp\/v2\/media?parent=41934"}],"wp:term":[{"taxonomy":"product_brand","embeddable":true,"href":"https:\/\/sundar.be\/fr\/wp-json\/wp\/v2\/product_brand?post=41934"},{"taxonomy":"product_cat","embeddable":true,"href":"https:\/\/sundar.be\/fr\/wp-json\/wp\/v2\/product_cat?post=41934"},{"taxonomy":"product_tag","embeddable":true,"href":"https:\/\/sundar.be\/fr\/wp-json\/wp\/v2\/product_tag?post=41934"}],"curies":[{"name":"wp","href":"https:\/\/api.w.org\/{rel}","templated":true}]}}