{"id":41933,"date":"2024-10-01T10:51:04","date_gmt":"2024-10-01T17:30:54","guid":{"rendered":"https:\/\/sundar.be\/product\/ciseaux-a-ongles-esthetica\/"},"modified":"2025-03-13T12:49:11","modified_gmt":"2025-03-13T11:49:11","slug":"ciseaux-a-ongles-esthetica","status":"publish","type":"product","link":"https:\/\/sundar.be\/fr\/produit\/ciseaux-a-ongles-esthetica\/","title":{"rendered":"Ciseaux \u00e0 Ongles Esthetica"},"content":{"rendered":"<div class=\"single-product-overview-details__product-tab-text single-product-overview-details__product-tab-text--is-active\" data-tab=\"description\">\n<div class=\"single-product-overview-details__product-tab-text-description\">Ciseaux \u00e0 ongles. Peut \u00eatre d\u00e9sinfect\u00e9 et st\u00e9rilis\u00e9 <\/div>\n<\/div>\n","protected":false},"excerpt":{"rendered":"<p>Ciseaux \u00e0 ongles. Peut \u00eatre d\u00e9sinfect\u00e9 et st\u00e9rilis\u00e9<\/p>\n","protected":false},"featured_media":41488,"comment_status":"open","ping_status":"closed","template":"","meta":{"_acf_changed":false},"product_brand":[],"product_cat":[4265,4656,5008,4765,1532,5014,1429,4761],"product_tag":[4301],"class_list":{"0":"post-41933","1":"product","2":"type-product","3":"status-publish","4":"has-post-thumbnail","6":"product_cat-pinces-instruments-cisseaux","7":"product_cat-instruments-manucure","8":"product_cat-manucure-materiel-manucure","9":"product_cat-matriel-de-pratique","10":"product_cat-materiels","11":"product_cat-pose-ongles-outils-manucure","12":"product_cat-pinces-instruments","13":"product_cat-pose-ongles","14":"product_tag-ciseaux","16":"first","17":"instock","18":"taxable","19":"shipping-taxable","20":"product-type-simple"},"acf":[],"_links":{"self":[{"href":"https:\/\/sundar.be\/fr\/wp-json\/wp\/v2\/product\/41933","targetHints":{"allow":["GET"]}}],"collection":[{"href":"https:\/\/sundar.be\/fr\/wp-json\/wp\/v2\/product"}],"about":[{"href":"https:\/\/sundar.be\/fr\/wp-json\/wp\/v2\/types\/product"}],"replies":[{"embeddable":true,"href":"https:\/\/sundar.be\/fr\/wp-json\/wp\/v2\/comments?post=41933"}],"wp:featuredmedia":[{"embeddable":true,"href":"https:\/\/sundar.be\/fr\/wp-json\/wp\/v2\/media\/41488"}],"wp:attachment":[{"href":"https:\/\/sundar.be\/fr\/wp-json\/wp\/v2\/media?parent=41933"}],"wp:term":[{"taxonomy":"product_brand","embeddable":true,"href":"https:\/\/sundar.be\/fr\/wp-json\/wp\/v2\/product_brand?post=41933"},{"taxonomy":"product_cat","embeddable":true,"href":"https:\/\/sundar.be\/fr\/wp-json\/wp\/v2\/product_cat?post=41933"},{"taxonomy":"product_tag","embeddable":true,"href":"https:\/\/sundar.be\/fr\/wp-json\/wp\/v2\/product_tag?post=41933"}],"curies":[{"name":"wp","href":"https:\/\/api.w.org\/{rel}","templated":true}]}}