{"id":41931,"date":"2024-10-01T10:58:22","date_gmt":"2024-10-01T17:28:09","guid":{"rendered":"https:\/\/sundar.be\/product\/ciseaux-a-pansements-lister\/"},"modified":"2025-03-13T12:49:16","modified_gmt":"2025-03-13T11:49:16","slug":"ciseaux-a-pansements-lister","status":"publish","type":"product","link":"https:\/\/sundar.be\/fr\/produit\/ciseaux-a-pansements-lister\/","title":{"rendered":"Ciseaux \u00e0 pansements Lister"},"content":{"rendered":"<div class=\"single-product-overview-details__product-tab-text single-product-overview-details__product-tab-text--is-active\" data-tab=\"description\">\n<div class=\"single-product-overview-details__product-tab-text-description\">Les ciseaux \u00e0 pansements sont des ciseaux largement utilis\u00e9s par les professionnels de la sant\u00e9. Les ciseaux \u00e0 pansements ont une lame courbe et une lame pointue de tr\u00e8s bonne qualit\u00e9. La lame \u00e9mouss\u00e9e prot\u00e8ge la peau des dommages lorsqu&rsquo;elle coupe, par exemple, des bandages ou du ruban adh\u00e9sif.  <\/div>\n<\/div>\n","protected":false},"excerpt":{"rendered":"<p>Les ciseaux \u00e0 pansements sont des ciseaux largement utilis\u00e9s par les professionnels de la sant\u00e9. Les ciseaux \u00e0 pansements ont une lame courbe et une lame pointue de tr\u00e8s bonne qualit\u00e9. La lame \u00e9mouss\u00e9e prot\u00e8ge la peau des dommages lorsqu&rsquo;elle coupe, par exemple, des bandages ou du ruban adh\u00e9sif.<\/p>\n","protected":false},"featured_media":41506,"comment_status":"open","ping_status":"closed","template":"","meta":{"_acf_changed":false},"product_brand":[],"product_cat":[4265,4765,1429],"product_tag":[4301],"class_list":{"0":"post-41931","1":"product","2":"type-product","3":"status-publish","4":"has-post-thumbnail","6":"product_cat-pinces-instruments-cisseaux","7":"product_cat-matriel-de-pratique","8":"product_cat-pinces-instruments","9":"product_tag-ciseaux","11":"first","12":"instock","13":"taxable","14":"shipping-taxable","15":"product-type-simple"},"acf":[],"_links":{"self":[{"href":"https:\/\/sundar.be\/fr\/wp-json\/wp\/v2\/product\/41931","targetHints":{"allow":["GET"]}}],"collection":[{"href":"https:\/\/sundar.be\/fr\/wp-json\/wp\/v2\/product"}],"about":[{"href":"https:\/\/sundar.be\/fr\/wp-json\/wp\/v2\/types\/product"}],"replies":[{"embeddable":true,"href":"https:\/\/sundar.be\/fr\/wp-json\/wp\/v2\/comments?post=41931"}],"wp:featuredmedia":[{"embeddable":true,"href":"https:\/\/sundar.be\/fr\/wp-json\/wp\/v2\/media\/41506"}],"wp:attachment":[{"href":"https:\/\/sundar.be\/fr\/wp-json\/wp\/v2\/media?parent=41931"}],"wp:term":[{"taxonomy":"product_brand","embeddable":true,"href":"https:\/\/sundar.be\/fr\/wp-json\/wp\/v2\/product_brand?post=41931"},{"taxonomy":"product_cat","embeddable":true,"href":"https:\/\/sundar.be\/fr\/wp-json\/wp\/v2\/product_cat?post=41931"},{"taxonomy":"product_tag","embeddable":true,"href":"https:\/\/sundar.be\/fr\/wp-json\/wp\/v2\/product_tag?post=41931"}],"curies":[{"name":"wp","href":"https:\/\/api.w.org\/{rel}","templated":true}]}}