{"id":41855,"date":"2024-10-01T16:37:37","date_gmt":"2024-10-01T14:37:37","guid":{"rendered":"https:\/\/sundar.be\/product\/pince-a-ressort-transversal-acier-inoxydable-plat-nervure\/"},"modified":"2025-03-13T12:40:14","modified_gmt":"2025-03-13T11:40:14","slug":"pince-a-ressort-transversal-acier-inoxydable-plat-nervure","status":"publish","type":"product","link":"https:\/\/sundar.be\/fr\/produit\/pince-a-ressort-transversal-acier-inoxydable-plat-nervure\/","title":{"rendered":"Pince \u00e0 ressort transversal acier inoxydable plat.nervur\u00e9"},"content":{"rendered":"<div class=\"single-product-overview-details__product-tab-text single-product-overview-details__product-tab-text--is-active\" data-tab=\"description\">\n<div class=\"single-product-overview-details__product-tab-text-description\">Pince \u00e0 ressort crois\u00e9 avec m\u00e2choires creuses ou plates, Perc\u00e9e. 14 cm, \u00e9quip\u00e9e d&rsquo;une barre de blocage. <\/div>\n<\/div>\n","protected":false},"excerpt":{"rendered":"<p>Pince \u00e0 ressort crois\u00e9 avec m\u00e2choires creuses ou plates, Perc\u00e9e. 14 cm, \u00e9quip\u00e9e d&rsquo;une barre de blocage.<\/p>\n","protected":false},"featured_media":41851,"comment_status":"open","ping_status":"closed","template":"","meta":{"_acf_changed":false},"product_brand":[],"product_cat":[4765,4292,4331,1429],"product_tag":[],"class_list":{"0":"post-41855","1":"product","2":"type-product","3":"status-publish","4":"has-post-thumbnail","6":"product_cat-matriel-de-pratique","7":"product_cat-pinces-instruments-pine-resort-croisee","8":"product_cat-pinces-instruments-pinces","9":"product_cat-pinces-instruments","11":"first","12":"instock","13":"taxable","14":"shipping-taxable","15":"product-type-simple"},"acf":[],"_links":{"self":[{"href":"https:\/\/sundar.be\/fr\/wp-json\/wp\/v2\/product\/41855","targetHints":{"allow":["GET"]}}],"collection":[{"href":"https:\/\/sundar.be\/fr\/wp-json\/wp\/v2\/product"}],"about":[{"href":"https:\/\/sundar.be\/fr\/wp-json\/wp\/v2\/types\/product"}],"replies":[{"embeddable":true,"href":"https:\/\/sundar.be\/fr\/wp-json\/wp\/v2\/comments?post=41855"}],"wp:featuredmedia":[{"embeddable":true,"href":"https:\/\/sundar.be\/fr\/wp-json\/wp\/v2\/media\/41851"}],"wp:attachment":[{"href":"https:\/\/sundar.be\/fr\/wp-json\/wp\/v2\/media?parent=41855"}],"wp:term":[{"taxonomy":"product_brand","embeddable":true,"href":"https:\/\/sundar.be\/fr\/wp-json\/wp\/v2\/product_brand?post=41855"},{"taxonomy":"product_cat","embeddable":true,"href":"https:\/\/sundar.be\/fr\/wp-json\/wp\/v2\/product_cat?post=41855"},{"taxonomy":"product_tag","embeddable":true,"href":"https:\/\/sundar.be\/fr\/wp-json\/wp\/v2\/product_tag?post=41855"}],"curies":[{"name":"wp","href":"https:\/\/api.w.org\/{rel}","templated":true}]}}