{"id":41847,"date":"2024-10-01T16:34:26","date_gmt":"2024-10-01T14:34:26","guid":{"rendered":"https:\/\/sundar.be\/product\/pince-coupante-transversale-wave-plate\/"},"modified":"2025-03-13T12:40:13","modified_gmt":"2025-03-13T11:40:13","slug":"pince-coupante-transversale-wave-plate","status":"publish","type":"product","link":"https:\/\/sundar.be\/fr\/produit\/pince-coupante-transversale-wave-plate\/","title":{"rendered":"Pince coupante transversale Wave plate"},"content":{"rendered":"<div class=\"wp-site-blocks\">\n<section class=\"single-product-overview-details\">\n<div class=\"single-product-overview-details__product-description\">\n<div class=\"wrapper\">\n<div class=\"single-product-overview-details__product-tab-content\">\n<div class=\"single-product-overview-details__product-tab-text single-product-overview-details__product-tab-text--is-active\" data-tab=\"description\">\n<div class=\"single-product-overview-details__product-tab-text-description\">Pince \u00e0 ressort transversal Wave plate. Ergonomie parfaite gr\u00e2ce \u00e0 la forme WAVE. 14 cm.  <\/div>\n<\/div>\n<\/div>\n<\/div>\n<\/div>\n<\/section>\n<\/div>\n<div class=\"single-product-overview-details__bought-together\">\n<div class=\"wrapper\">\n<div class=\"single-product-overview-details__products\"><\/div>\n<\/div>\n<\/div>\n<div class=\"msk-woocommerce-related-products\">\n<div class=\"wrapper\"><\/div>\n<\/div>\n","protected":false},"excerpt":{"rendered":"<p>Pince \u00e0 ressort transversal Wave plate. Ergonomie parfaite gr\u00e2ce \u00e0 la forme WAVE. 14 cm.<\/p>\n","protected":false},"featured_media":41843,"comment_status":"open","ping_status":"closed","template":"","meta":{"_acf_changed":false},"product_brand":[],"product_cat":[4765,4292,4331,1429],"product_tag":[],"class_list":{"0":"post-41847","1":"product","2":"type-product","3":"status-publish","4":"has-post-thumbnail","6":"product_cat-matriel-de-pratique","7":"product_cat-pinces-instruments-pine-resort-croisee","8":"product_cat-pinces-instruments-pinces","9":"product_cat-pinces-instruments","11":"first","12":"instock","13":"taxable","14":"shipping-taxable","15":"product-type-simple"},"acf":[],"_links":{"self":[{"href":"https:\/\/sundar.be\/fr\/wp-json\/wp\/v2\/product\/41847","targetHints":{"allow":["GET"]}}],"collection":[{"href":"https:\/\/sundar.be\/fr\/wp-json\/wp\/v2\/product"}],"about":[{"href":"https:\/\/sundar.be\/fr\/wp-json\/wp\/v2\/types\/product"}],"replies":[{"embeddable":true,"href":"https:\/\/sundar.be\/fr\/wp-json\/wp\/v2\/comments?post=41847"}],"wp:featuredmedia":[{"embeddable":true,"href":"https:\/\/sundar.be\/fr\/wp-json\/wp\/v2\/media\/41843"}],"wp:attachment":[{"href":"https:\/\/sundar.be\/fr\/wp-json\/wp\/v2\/media?parent=41847"}],"wp:term":[{"taxonomy":"product_brand","embeddable":true,"href":"https:\/\/sundar.be\/fr\/wp-json\/wp\/v2\/product_brand?post=41847"},{"taxonomy":"product_cat","embeddable":true,"href":"https:\/\/sundar.be\/fr\/wp-json\/wp\/v2\/product_cat?post=41847"},{"taxonomy":"product_tag","embeddable":true,"href":"https:\/\/sundar.be\/fr\/wp-json\/wp\/v2\/product_tag?post=41847"}],"curies":[{"name":"wp","href":"https:\/\/api.w.org\/{rel}","templated":true}]}}