{"id":41713,"date":"2024-10-01T14:10:55","date_gmt":"2024-10-01T12:10:55","guid":{"rendered":"https:\/\/sundar.be\/product\/hi-tech-coupe-tete-en-acier-inoxydable-avec-verrouillage-14-cm\/"},"modified":"2025-03-13T12:50:21","modified_gmt":"2025-03-13T11:50:21","slug":"hi-tech-coupe-tete-en-acier-inoxydable-avec-verrouillage-14-cm","status":"publish","type":"product","link":"https:\/\/sundar.be\/fr\/produit\/hi-tech-coupe-tete-en-acier-inoxydable-avec-verrouillage-14-cm\/","title":{"rendered":"HI TECH Coupe-t\u00eate en acier inoxydable avec verrouillage 14 cm"},"content":{"rendered":"<div class=\"single-product-overview-details__product-tab-text single-product-overview-details__product-tab-text--is-active\" data-tab=\"description\">\n<div class=\"single-product-overview-details__product-tab-text-description\">Coupe-t\u00eate avec ressort transversal et \u00e9trier de verrouillage. Perfor\u00e9. <\/div>\n<\/div>\n","protected":false},"excerpt":{"rendered":"<p>Coupe-t\u00eate avec ressort transversal et \u00e9trier de verrouillage. Perfor\u00e9.<\/p>\n","protected":false},"featured_media":41709,"comment_status":"open","ping_status":"closed","template":"","meta":{"_acf_changed":false},"product_brand":[],"product_cat":[4765,4331,1429,4290],"product_tag":[],"class_list":{"0":"post-41713","1":"product","2":"type-product","3":"status-publish","4":"has-post-thumbnail","6":"product_cat-matriel-de-pratique","7":"product_cat-pinces-instruments-pinces","8":"product_cat-pinces-instruments","9":"product_cat-pinces-instruments-pince-ultra-cut","11":"first","12":"instock","13":"taxable","14":"shipping-taxable","15":"product-type-simple"},"acf":[],"_links":{"self":[{"href":"https:\/\/sundar.be\/fr\/wp-json\/wp\/v2\/product\/41713","targetHints":{"allow":["GET"]}}],"collection":[{"href":"https:\/\/sundar.be\/fr\/wp-json\/wp\/v2\/product"}],"about":[{"href":"https:\/\/sundar.be\/fr\/wp-json\/wp\/v2\/types\/product"}],"replies":[{"embeddable":true,"href":"https:\/\/sundar.be\/fr\/wp-json\/wp\/v2\/comments?post=41713"}],"wp:featuredmedia":[{"embeddable":true,"href":"https:\/\/sundar.be\/fr\/wp-json\/wp\/v2\/media\/41709"}],"wp:attachment":[{"href":"https:\/\/sundar.be\/fr\/wp-json\/wp\/v2\/media?parent=41713"}],"wp:term":[{"taxonomy":"product_brand","embeddable":true,"href":"https:\/\/sundar.be\/fr\/wp-json\/wp\/v2\/product_brand?post=41713"},{"taxonomy":"product_cat","embeddable":true,"href":"https:\/\/sundar.be\/fr\/wp-json\/wp\/v2\/product_cat?post=41713"},{"taxonomy":"product_tag","embeddable":true,"href":"https:\/\/sundar.be\/fr\/wp-json\/wp\/v2\/product_tag?post=41713"}],"curies":[{"name":"wp","href":"https:\/\/api.w.org\/{rel}","templated":true}]}}