{"id":41706,"date":"2024-10-01T14:09:02","date_gmt":"2024-10-01T12:09:02","guid":{"rendered":"https:\/\/sundar.be\/product\/hi-tech-coupe-tete-droit-en-acier-inoxydable-avec-serrure-14-cm\/"},"modified":"2025-03-13T12:50:20","modified_gmt":"2025-03-13T11:50:20","slug":"hi-tech-coupe-tete-droit-en-acier-inoxydable-avec-serrure-14-cm","status":"publish","type":"product","link":"https:\/\/sundar.be\/fr\/produit\/hi-tech-coupe-tete-droit-en-acier-inoxydable-avec-serrure-14-cm\/","title":{"rendered":"HI TECH Coupe-t\u00eate droit en acier inoxydable avec serrure 14 cm"},"content":{"rendered":"<div class=\"wp-site-blocks\">\n<section class=\"single-product-overview-details\">\n<div class=\"single-product-overview-details__product-description\">\n<div class=\"wrapper\">\n<div class=\"single-product-overview-details__product-tab-content\">\n<div class=\"single-product-overview-details__product-tab-text single-product-overview-details__product-tab-text--is-active\" data-tab=\"description\">\n<div class=\"single-product-overview-details__product-tab-text-description\">Coupe-t\u00eate avec ressort transversal et \u00e9trier de verrouillage. Perfor\u00e9.  Bord de coupe droit.<\/div>\n<\/div>\n<\/div>\n<\/div>\n<\/div>\n<\/section>\n<\/div>\n<div class=\"single-product-overview-details__bought-together\">\n<div class=\"wrapper\">\n<div class=\"single-product-overview-details__products\"><\/div>\n<\/div>\n<\/div>\n<div class=\"msk-woocommerce-related-products\">\n<div class=\"wrapper\"><\/div>\n<\/div>\n","protected":false},"excerpt":{"rendered":"<p>Coupe-t\u00eate avec ressort transversal et \u00e9trier de verrouillage. Perfor\u00e9. Bord de coupe droit.<\/p>\n","protected":false},"featured_media":41704,"comment_status":"open","ping_status":"closed","template":"","meta":{"_acf_changed":false},"product_brand":[],"product_cat":[4765,4331,1429,4290],"product_tag":[],"class_list":{"0":"post-41706","1":"product","2":"type-product","3":"status-publish","4":"has-post-thumbnail","6":"product_cat-matriel-de-pratique","7":"product_cat-pinces-instruments-pinces","8":"product_cat-pinces-instruments","9":"product_cat-pinces-instruments-pince-ultra-cut","11":"first","12":"instock","13":"taxable","14":"shipping-taxable","15":"product-type-simple"},"acf":[],"_links":{"self":[{"href":"https:\/\/sundar.be\/fr\/wp-json\/wp\/v2\/product\/41706","targetHints":{"allow":["GET"]}}],"collection":[{"href":"https:\/\/sundar.be\/fr\/wp-json\/wp\/v2\/product"}],"about":[{"href":"https:\/\/sundar.be\/fr\/wp-json\/wp\/v2\/types\/product"}],"replies":[{"embeddable":true,"href":"https:\/\/sundar.be\/fr\/wp-json\/wp\/v2\/comments?post=41706"}],"wp:featuredmedia":[{"embeddable":true,"href":"https:\/\/sundar.be\/fr\/wp-json\/wp\/v2\/media\/41704"}],"wp:attachment":[{"href":"https:\/\/sundar.be\/fr\/wp-json\/wp\/v2\/media?parent=41706"}],"wp:term":[{"taxonomy":"product_brand","embeddable":true,"href":"https:\/\/sundar.be\/fr\/wp-json\/wp\/v2\/product_brand?post=41706"},{"taxonomy":"product_cat","embeddable":true,"href":"https:\/\/sundar.be\/fr\/wp-json\/wp\/v2\/product_cat?post=41706"},{"taxonomy":"product_tag","embeddable":true,"href":"https:\/\/sundar.be\/fr\/wp-json\/wp\/v2\/product_tag?post=41706"}],"curies":[{"name":"wp","href":"https:\/\/api.w.org\/{rel}","templated":true}]}}