{"id":41699,"date":"2024-10-01T13:57:48","date_gmt":"2024-10-01T11:57:48","guid":{"rendered":"https:\/\/sundar.be\/product\/hi-tech-coupeur-de-tete-demi-rsv-sans-serrure\/"},"modified":"2025-03-13T12:49:27","modified_gmt":"2025-03-13T11:49:27","slug":"hi-tech-coupeur-de-tete-demi-rsv-sans-serrure","status":"publish","type":"product","link":"https:\/\/sundar.be\/fr\/produit\/hi-tech-coupeur-de-tete-demi-rsv-sans-serrure\/","title":{"rendered":"HI TECH Coupeur de t\u00eate demi RSV sans serrure"},"content":{"rendered":"<p>Coupe-t\u00eate avec ressort transversal, sans \u00e9trier de blocage. Avec demi tranchant. Perfor\u00e9.  <\/p>\n","protected":false},"excerpt":{"rendered":"<p>Coupe-t\u00eate avec ressort transversal, sans \u00e9trier de blocage. Avec demi tranchant. Perfor\u00e9.<\/p>\n","protected":false},"featured_media":41688,"comment_status":"open","ping_status":"closed","template":"","meta":{"_acf_changed":false},"product_brand":[],"product_cat":[4765,4331,1429,4290],"product_tag":[],"class_list":{"0":"post-41699","1":"product","2":"type-product","3":"status-publish","4":"has-post-thumbnail","6":"product_cat-matriel-de-pratique","7":"product_cat-pinces-instruments-pinces","8":"product_cat-pinces-instruments","9":"product_cat-pinces-instruments-pince-ultra-cut","10":"pa_maat-120-mm-fr","11":"pa_maat-140-mm-fr","13":"first","14":"instock","15":"taxable","16":"shipping-taxable","17":"product-type-variable"},"acf":[],"_links":{"self":[{"href":"https:\/\/sundar.be\/fr\/wp-json\/wp\/v2\/product\/41699","targetHints":{"allow":["GET"]}}],"collection":[{"href":"https:\/\/sundar.be\/fr\/wp-json\/wp\/v2\/product"}],"about":[{"href":"https:\/\/sundar.be\/fr\/wp-json\/wp\/v2\/types\/product"}],"replies":[{"embeddable":true,"href":"https:\/\/sundar.be\/fr\/wp-json\/wp\/v2\/comments?post=41699"}],"wp:featuredmedia":[{"embeddable":true,"href":"https:\/\/sundar.be\/fr\/wp-json\/wp\/v2\/media\/41688"}],"wp:attachment":[{"href":"https:\/\/sundar.be\/fr\/wp-json\/wp\/v2\/media?parent=41699"}],"wp:term":[{"taxonomy":"product_brand","embeddable":true,"href":"https:\/\/sundar.be\/fr\/wp-json\/wp\/v2\/product_brand?post=41699"},{"taxonomy":"product_cat","embeddable":true,"href":"https:\/\/sundar.be\/fr\/wp-json\/wp\/v2\/product_cat?post=41699"},{"taxonomy":"product_tag","embeddable":true,"href":"https:\/\/sundar.be\/fr\/wp-json\/wp\/v2\/product_tag?post=41699"}],"curies":[{"name":"wp","href":"https:\/\/api.w.org\/{rel}","templated":true}]}}