{"id":41684,"date":"2024-10-01T13:53:05","date_gmt":"2024-10-01T11:53:05","guid":{"rendered":"https:\/\/sundar.be\/product\/hi-tech-coupeur-de-tete-rsv-flame-sans-serrure\/"},"modified":"2025-03-13T12:43:05","modified_gmt":"2025-03-13T11:43:05","slug":"hi-tech-coupeur-de-tete-rsv-flame-sans-serrure","status":"publish","type":"product","link":"https:\/\/sundar.be\/fr\/produit\/hi-tech-coupeur-de-tete-rsv-flame-sans-serrure\/","title":{"rendered":"HI TECH Coupeur de t\u00eate RSV Flame sans serrure"},"content":{"rendered":"<p>Coupe-t\u00eate avec ressort transversal, sans \u00e9trier de blocage. Perfor\u00e9. <\/p>\n","protected":false},"excerpt":{"rendered":"<p>Coupe-t\u00eate avec ressort transversal, sans \u00e9trier de blocage. Perfor\u00e9.<\/p>\n","protected":false},"featured_media":41674,"comment_status":"open","ping_status":"closed","template":"","meta":{"_acf_changed":false},"product_brand":[],"product_cat":[4765,4331,1429,4290],"product_tag":[],"class_list":{"0":"post-41684","1":"product","2":"type-product","3":"status-publish","4":"has-post-thumbnail","6":"product_cat-matriel-de-pratique","7":"product_cat-pinces-instruments-pinces","8":"product_cat-pinces-instruments","9":"product_cat-pinces-instruments-pince-ultra-cut","10":"pa_maat-120-mm-fr","11":"pa_maat-140-mm-fr","13":"first","14":"instock","15":"taxable","16":"shipping-taxable","17":"product-type-variable"},"acf":[],"_links":{"self":[{"href":"https:\/\/sundar.be\/fr\/wp-json\/wp\/v2\/product\/41684","targetHints":{"allow":["GET"]}}],"collection":[{"href":"https:\/\/sundar.be\/fr\/wp-json\/wp\/v2\/product"}],"about":[{"href":"https:\/\/sundar.be\/fr\/wp-json\/wp\/v2\/types\/product"}],"replies":[{"embeddable":true,"href":"https:\/\/sundar.be\/fr\/wp-json\/wp\/v2\/comments?post=41684"}],"wp:featuredmedia":[{"embeddable":true,"href":"https:\/\/sundar.be\/fr\/wp-json\/wp\/v2\/media\/41674"}],"wp:attachment":[{"href":"https:\/\/sundar.be\/fr\/wp-json\/wp\/v2\/media?parent=41684"}],"wp:term":[{"taxonomy":"product_brand","embeddable":true,"href":"https:\/\/sundar.be\/fr\/wp-json\/wp\/v2\/product_brand?post=41684"},{"taxonomy":"product_cat","embeddable":true,"href":"https:\/\/sundar.be\/fr\/wp-json\/wp\/v2\/product_cat?post=41684"},{"taxonomy":"product_tag","embeddable":true,"href":"https:\/\/sundar.be\/fr\/wp-json\/wp\/v2\/product_tag?post=41684"}],"curies":[{"name":"wp","href":"https:\/\/api.w.org\/{rel}","templated":true}]}}