{"id":41668,"date":"2024-10-01T13:45:14","date_gmt":"2024-10-01T11:45:14","guid":{"rendered":"https:\/\/sundar.be\/product\/hi-tech-pince-a-double-charniere-14-cm-avec-serrure\/"},"modified":"2025-03-13T12:49:25","modified_gmt":"2025-03-13T11:49:25","slug":"hi-tech-pince-a-double-charniere-14-cm-avec-serrure","status":"publish","type":"product","link":"https:\/\/sundar.be\/fr\/produit\/hi-tech-pince-a-double-charniere-14-cm-avec-serrure\/","title":{"rendered":"HI TECH Pince \u00e0 double charni\u00e8re 14 cm avec serrure"},"content":{"rendered":"<div class=\"single-product-overview-details__product-tab-text single-product-overview-details__product-tab-text--is-active\" data-tab=\"description\">\n<div class=\"single-product-overview-details__product-tab-text-description\">Pince \u00e0 double extr\u00e9mit\u00e9 tr\u00e8s pr\u00e9cis\u00e9ment aff\u00fbt\u00e9e. Convient parfaitement \u00e0 la coupe de clous \u00e9pais. \u00c9quip\u00e9e d&rsquo;un solide ressort tampon et d&rsquo;une barre de verrouillage.  <\/div>\n<\/div>\n","protected":false},"excerpt":{"rendered":"<p>Pince \u00e0 double extr\u00e9mit\u00e9 tr\u00e8s pr\u00e9cis\u00e9ment aff\u00fbt\u00e9e. Convient parfaitement \u00e0 la coupe de clous \u00e9pais. \u00c9quip\u00e9e d&rsquo;un solide ressort tampon et d&rsquo;une barre de verrouillage.<\/p>\n","protected":false},"featured_media":41658,"comment_status":"open","ping_status":"closed","template":"","meta":{"_acf_changed":false},"product_brand":[],"product_cat":[4765,4296,4331,1429],"product_tag":[],"class_list":{"0":"post-41668","1":"product","2":"type-product","3":"status-publish","4":"has-post-thumbnail","6":"product_cat-matriel-de-pratique","7":"product_cat-pinces-instruments-pince-double-charniere","8":"product_cat-pinces-instruments-pinces","9":"product_cat-pinces-instruments","11":"first","12":"instock","13":"taxable","14":"shipping-taxable","15":"product-type-simple"},"acf":[],"_links":{"self":[{"href":"https:\/\/sundar.be\/fr\/wp-json\/wp\/v2\/product\/41668","targetHints":{"allow":["GET"]}}],"collection":[{"href":"https:\/\/sundar.be\/fr\/wp-json\/wp\/v2\/product"}],"about":[{"href":"https:\/\/sundar.be\/fr\/wp-json\/wp\/v2\/types\/product"}],"replies":[{"embeddable":true,"href":"https:\/\/sundar.be\/fr\/wp-json\/wp\/v2\/comments?post=41668"}],"wp:featuredmedia":[{"embeddable":true,"href":"https:\/\/sundar.be\/fr\/wp-json\/wp\/v2\/media\/41658"}],"wp:attachment":[{"href":"https:\/\/sundar.be\/fr\/wp-json\/wp\/v2\/media?parent=41668"}],"wp:term":[{"taxonomy":"product_brand","embeddable":true,"href":"https:\/\/sundar.be\/fr\/wp-json\/wp\/v2\/product_brand?post=41668"},{"taxonomy":"product_cat","embeddable":true,"href":"https:\/\/sundar.be\/fr\/wp-json\/wp\/v2\/product_cat?post=41668"},{"taxonomy":"product_tag","embeddable":true,"href":"https:\/\/sundar.be\/fr\/wp-json\/wp\/v2\/product_tag?post=41668"}],"curies":[{"name":"wp","href":"https:\/\/api.w.org\/{rel}","templated":true}]}}