{"id":41654,"date":"2024-10-01T13:42:02","date_gmt":"2024-10-01T11:43:36","guid":{"rendered":"https:\/\/sundar.be\/product\/eco-pince-coupante-cobalt-bec-plat-extra-fin\/"},"modified":"2025-03-13T12:49:24","modified_gmt":"2025-03-13T11:49:24","slug":"eco-pince-coupante-cobalt-bec-plat-extra-fin","status":"publish","type":"product","link":"https:\/\/sundar.be\/fr\/produit\/eco-pince-coupante-cobalt-bec-plat-extra-fin\/","title":{"rendered":"ECO Pince \u00e0 ressort crois\u00e9 Cobalt extra fine"},"content":{"rendered":"<div class=\"single-product-overview-details__product-tab-text single-product-overview-details__product-tab-text--is-active\" data-tab=\"description\">\n<div class=\"single-product-overview-details__product-tab-text-description\">Cette pince en acier inoxydable est souvent utilis\u00e9e pour les ongles incarn\u00e9s ou pour couper les ongles d&rsquo;angle durs.<\/div>\n<div><\/div>\n<div><strong>Choix de :<\/strong><\/div>\n<ul>\n<li>M\u00e2choires plates<\/li>\n<li>M\u00e2choires creuses<\/li>\n<\/ul>\n<\/div>\n","protected":false},"excerpt":{"rendered":"<p>Cette pince en acier inoxydable est souvent utilis\u00e9e pour les ongles incarn\u00e9s ou pour couper les ongles d&rsquo;angle durs. Choix de : M\u00e2choires plates M\u00e2choires creuses<\/p>\n","protected":false},"featured_media":41649,"comment_status":"open","ping_status":"closed","template":"","meta":{"_acf_changed":false},"product_brand":[],"product_cat":[4765,4292,4331,1429],"product_tag":[],"class_list":{"0":"post-41654","1":"product","2":"type-product","3":"status-publish","4":"has-post-thumbnail","6":"product_cat-matriel-de-pratique","7":"product_cat-pinces-instruments-pine-resort-croisee","8":"product_cat-pinces-instruments-pinces","9":"product_cat-pinces-instruments","10":"pa_maat-machoire-creuse","11":"pa_maat-machoire-plate","13":"first","14":"instock","15":"taxable","16":"shipping-taxable","17":"product-type-variable"},"acf":[],"_links":{"self":[{"href":"https:\/\/sundar.be\/fr\/wp-json\/wp\/v2\/product\/41654","targetHints":{"allow":["GET"]}}],"collection":[{"href":"https:\/\/sundar.be\/fr\/wp-json\/wp\/v2\/product"}],"about":[{"href":"https:\/\/sundar.be\/fr\/wp-json\/wp\/v2\/types\/product"}],"replies":[{"embeddable":true,"href":"https:\/\/sundar.be\/fr\/wp-json\/wp\/v2\/comments?post=41654"}],"wp:featuredmedia":[{"embeddable":true,"href":"https:\/\/sundar.be\/fr\/wp-json\/wp\/v2\/media\/41649"}],"wp:attachment":[{"href":"https:\/\/sundar.be\/fr\/wp-json\/wp\/v2\/media?parent=41654"}],"wp:term":[{"taxonomy":"product_brand","embeddable":true,"href":"https:\/\/sundar.be\/fr\/wp-json\/wp\/v2\/product_brand?post=41654"},{"taxonomy":"product_cat","embeddable":true,"href":"https:\/\/sundar.be\/fr\/wp-json\/wp\/v2\/product_cat?post=41654"},{"taxonomy":"product_tag","embeddable":true,"href":"https:\/\/sundar.be\/fr\/wp-json\/wp\/v2\/product_tag?post=41654"}],"curies":[{"name":"wp","href":"https:\/\/api.w.org\/{rel}","templated":true}]}}