{"id":41650,"date":"2024-10-01T13:40:54","date_gmt":"2024-10-01T11:42:27","guid":{"rendered":"https:\/\/sundar.be\/product\/eco-pince-a-ressorts-croises-cobalt-machoire-creuse-extra-fine\/"},"modified":"2024-10-01T13:42:27","modified_gmt":"2024-10-01T11:42:27","slug":"eco-pince-a-ressorts-croises-cobalt-machoire-creuse-extra-fine","status":"publish","type":"product","link":"https:\/\/sundar.be\/fr\/produit\/eco-pince-a-ressorts-croises-cobalt-machoire-creuse-extra-fine\/","title":{"rendered":"Eco pince \u00e0 ressorts crois\u00e9s cobalt m\u00e2choire creuse extra fine"},"content":{"rendered":"","protected":false},"excerpt":{"rendered":"","protected":false},"featured_media":41644,"comment_status":"open","ping_status":"closed","template":"","meta":{"_acf_changed":false},"product_brand":[],"product_cat":[4264,1429],"product_tag":[],"class_list":{"0":"post-41650","1":"product","2":"type-product","3":"status-publish","4":"has-post-thumbnail","6":"product_cat-pinces-instruments-pinces-a-coin","7":"product_cat-pinces-instruments","9":"first","10":"instock","11":"taxable","12":"shipping-taxable","13":"product-type-simple"},"acf":[],"_links":{"self":[{"href":"https:\/\/sundar.be\/fr\/wp-json\/wp\/v2\/product\/41650","targetHints":{"allow":["GET"]}}],"collection":[{"href":"https:\/\/sundar.be\/fr\/wp-json\/wp\/v2\/product"}],"about":[{"href":"https:\/\/sundar.be\/fr\/wp-json\/wp\/v2\/types\/product"}],"replies":[{"embeddable":true,"href":"https:\/\/sundar.be\/fr\/wp-json\/wp\/v2\/comments?post=41650"}],"wp:featuredmedia":[{"embeddable":true,"href":"https:\/\/sundar.be\/fr\/wp-json\/wp\/v2\/media\/41644"}],"wp:attachment":[{"href":"https:\/\/sundar.be\/fr\/wp-json\/wp\/v2\/media?parent=41650"}],"wp:term":[{"taxonomy":"product_brand","embeddable":true,"href":"https:\/\/sundar.be\/fr\/wp-json\/wp\/v2\/product_brand?post=41650"},{"taxonomy":"product_cat","embeddable":true,"href":"https:\/\/sundar.be\/fr\/wp-json\/wp\/v2\/product_cat?post=41650"},{"taxonomy":"product_tag","embeddable":true,"href":"https:\/\/sundar.be\/fr\/wp-json\/wp\/v2\/product_tag?post=41650"}],"curies":[{"name":"wp","href":"https:\/\/api.w.org\/{rel}","templated":true}]}}