{"id":41647,"date":"2024-10-01T13:39:54","date_gmt":"2024-10-01T11:41:28","guid":{"rendered":"https:\/\/sundar.be\/product\/eco-pince-a-ressort-croise-machoire-creuse\/"},"modified":"2025-03-13T12:43:05","modified_gmt":"2025-03-13T11:43:05","slug":"eco-pince-a-ressort-croise-machoire-creuse","status":"publish","type":"product","link":"https:\/\/sundar.be\/fr\/produit\/eco-pince-a-ressort-croise-machoire-creuse\/","title":{"rendered":"ECO pince \u00e0 ressort crois\u00e9 m\u00e2choire creuse"},"content":{"rendered":"<div class=\"single-product-overview-details__product-tab-text single-product-overview-details__product-tab-text--is-active\" data-tab=\"description\">\n<div class=\"single-product-overview-details__product-tab-text-description\">Nous proposons une gamme d&rsquo;instruments moins chers sous notre propre marque. Ces instruments ne peuvent en aucun cas \u00eatre compar\u00e9s aux autres instruments de notre gamme. L&rsquo;instumentarium ECO convient parfaitement \u00e0 l&rsquo;initiation \u00e0 la p\u00e9dicure. <\/div>\n<\/div>\n","protected":false},"excerpt":{"rendered":"<p>Nous proposons une gamme d&rsquo;instruments moins chers sous notre propre marque. Ces instruments ne peuvent en aucun cas \u00eatre compar\u00e9s aux autres instruments de notre gamme. L&rsquo;instumentarium ECO convient parfaitement \u00e0 l&rsquo;initiation \u00e0 la p\u00e9dicure.<\/p>\n","protected":false},"featured_media":41640,"comment_status":"open","ping_status":"closed","template":"","meta":{"_acf_changed":false},"product_brand":[],"product_cat":[4765,4292,4331,1429],"product_tag":[],"class_list":{"0":"post-41647","1":"product","2":"type-product","3":"status-publish","4":"has-post-thumbnail","6":"product_cat-matriel-de-pratique","7":"product_cat-pinces-instruments-pine-resort-croisee","8":"product_cat-pinces-instruments-pinces","9":"product_cat-pinces-instruments","11":"first","12":"instock","13":"taxable","14":"shipping-taxable","15":"product-type-simple"},"acf":[],"_links":{"self":[{"href":"https:\/\/sundar.be\/fr\/wp-json\/wp\/v2\/product\/41647","targetHints":{"allow":["GET"]}}],"collection":[{"href":"https:\/\/sundar.be\/fr\/wp-json\/wp\/v2\/product"}],"about":[{"href":"https:\/\/sundar.be\/fr\/wp-json\/wp\/v2\/types\/product"}],"replies":[{"embeddable":true,"href":"https:\/\/sundar.be\/fr\/wp-json\/wp\/v2\/comments?post=41647"}],"wp:featuredmedia":[{"embeddable":true,"href":"https:\/\/sundar.be\/fr\/wp-json\/wp\/v2\/media\/41640"}],"wp:attachment":[{"href":"https:\/\/sundar.be\/fr\/wp-json\/wp\/v2\/media?parent=41647"}],"wp:term":[{"taxonomy":"product_brand","embeddable":true,"href":"https:\/\/sundar.be\/fr\/wp-json\/wp\/v2\/product_brand?post=41647"},{"taxonomy":"product_cat","embeddable":true,"href":"https:\/\/sundar.be\/fr\/wp-json\/wp\/v2\/product_cat?post=41647"},{"taxonomy":"product_tag","embeddable":true,"href":"https:\/\/sundar.be\/fr\/wp-json\/wp\/v2\/product_tag?post=41647"}],"curies":[{"name":"wp","href":"https:\/\/api.w.org\/{rel}","templated":true}]}}