{"id":41633,"date":"2024-10-01T13:36:37","date_gmt":"2024-10-01T11:38:12","guid":{"rendered":"https:\/\/sundar.be\/product\/pince-dangle-eco-pointue\/"},"modified":"2025-03-13T12:43:11","modified_gmt":"2025-03-13T11:43:11","slug":"pince-dangle-eco-pointue","status":"publish","type":"product","link":"https:\/\/sundar.be\/fr\/produit\/pince-dangle-eco-pointue\/","title":{"rendered":"Pince d&rsquo;angle ECO pointue"},"content":{"rendered":"<p>Nous proposons une gamme d&rsquo;instruments moins chers sous notre propre label. Ces instruments ne peuvent en aucun cas \u00eatre compar\u00e9s aux autres instruments de notre gamme.  Les instruments ECO conviennent parfaitement pour d\u00e9buter en p\u00e9dicure.<\/p>\n<p>Ces pinces angulaires en acier inoxydable extra durci ont des extr\u00e9mit\u00e9s pointues. La pince d&rsquo;angle convient parfaitement \u00e0 l&rsquo;\u00e9limination des ongles incarn\u00e9s ou des coins d&rsquo;ongles durs et d\u00e9licats. <\/p>\n","protected":false},"excerpt":{"rendered":"<p>Nous proposons une gamme d&rsquo;instruments moins chers sous notre propre label. Ces instruments ne peuvent en aucun cas \u00eatre compar\u00e9s aux autres instruments de notre gamme. Les instruments ECO conviennent parfaitement pour d\u00e9buter en p\u00e9dicure. Ces pinces angulaires en acier inoxydable extra durci ont des extr\u00e9mit\u00e9s pointues. La pince d&rsquo;angle convient parfaitement \u00e0 l&rsquo;\u00e9limination des [&hellip;]<\/p>\n","protected":false},"featured_media":41629,"comment_status":"open","ping_status":"closed","template":"","meta":{"_acf_changed":false},"product_brand":[],"product_cat":[4765,4331,4264,1429],"product_tag":[],"class_list":{"0":"post-41633","1":"product","2":"type-product","3":"status-publish","4":"has-post-thumbnail","6":"product_cat-matriel-de-pratique","7":"product_cat-pinces-instruments-pinces","8":"product_cat-pinces-instruments-pinces-a-coin","9":"product_cat-pinces-instruments","11":"first","12":"instock","13":"taxable","14":"shipping-taxable","15":"product-type-simple"},"acf":[],"_links":{"self":[{"href":"https:\/\/sundar.be\/fr\/wp-json\/wp\/v2\/product\/41633","targetHints":{"allow":["GET"]}}],"collection":[{"href":"https:\/\/sundar.be\/fr\/wp-json\/wp\/v2\/product"}],"about":[{"href":"https:\/\/sundar.be\/fr\/wp-json\/wp\/v2\/types\/product"}],"replies":[{"embeddable":true,"href":"https:\/\/sundar.be\/fr\/wp-json\/wp\/v2\/comments?post=41633"}],"wp:featuredmedia":[{"embeddable":true,"href":"https:\/\/sundar.be\/fr\/wp-json\/wp\/v2\/media\/41629"}],"wp:attachment":[{"href":"https:\/\/sundar.be\/fr\/wp-json\/wp\/v2\/media?parent=41633"}],"wp:term":[{"taxonomy":"product_brand","embeddable":true,"href":"https:\/\/sundar.be\/fr\/wp-json\/wp\/v2\/product_brand?post=41633"},{"taxonomy":"product_cat","embeddable":true,"href":"https:\/\/sundar.be\/fr\/wp-json\/wp\/v2\/product_cat?post=41633"},{"taxonomy":"product_tag","embeddable":true,"href":"https:\/\/sundar.be\/fr\/wp-json\/wp\/v2\/product_tag?post=41633"}],"curies":[{"name":"wp","href":"https:\/\/api.w.org\/{rel}","templated":true}]}}