{"id":41627,"date":"2024-10-01T13:34:58","date_gmt":"2024-10-01T11:36:10","guid":{"rendered":"https:\/\/sundar.be\/product\/eco-pince-angulaire-petite-pointe-11cm\/"},"modified":"2025-03-13T12:43:09","modified_gmt":"2025-03-13T11:43:09","slug":"eco-pince-angulaire-petite-pointe-11cm","status":"publish","type":"product","link":"https:\/\/sundar.be\/fr\/produit\/eco-pince-angulaire-petite-pointe-11cm\/","title":{"rendered":"ECO Pince angulaire petite pointe 11cm"},"content":{"rendered":"<p>Nous proposons une gamme d&rsquo;instruments moins chers sous notre propre label. Ces instruments ne peuvent en aucun cas \u00eatre compar\u00e9s aux autres instruments de notre gamme.  Les instruments ECO conviennent parfaitement pour d\u00e9buter en p\u00e9dicure.<\/p>\n<p>Utilisez une pince angulaire pour couper les coins du clou. Si vous utilisez une pince angulaire pour couper l&rsquo;ensemble du clou, vous risquez de casser la t\u00eate de la pince. <\/p>\n","protected":false},"excerpt":{"rendered":"<p>Nous proposons une gamme d&rsquo;instruments moins chers sous notre propre label. Ces instruments ne peuvent en aucun cas \u00eatre compar\u00e9s aux autres instruments de notre gamme. Les instruments ECO conviennent parfaitement pour d\u00e9buter en p\u00e9dicure. Utilisez une pince angulaire pour couper les coins du clou. Si vous utilisez une pince angulaire pour couper l&rsquo;ensemble du [&hellip;]<\/p>\n","protected":false},"featured_media":41623,"comment_status":"open","ping_status":"closed","template":"","meta":{"_acf_changed":false},"product_brand":[],"product_cat":[4765,4331,4264,1429],"product_tag":[],"class_list":{"0":"post-41627","1":"product","2":"type-product","3":"status-publish","4":"has-post-thumbnail","6":"product_cat-matriel-de-pratique","7":"product_cat-pinces-instruments-pinces","8":"product_cat-pinces-instruments-pinces-a-coin","9":"product_cat-pinces-instruments","11":"first","12":"instock","13":"taxable","14":"shipping-taxable","15":"product-type-simple"},"acf":[],"_links":{"self":[{"href":"https:\/\/sundar.be\/fr\/wp-json\/wp\/v2\/product\/41627","targetHints":{"allow":["GET"]}}],"collection":[{"href":"https:\/\/sundar.be\/fr\/wp-json\/wp\/v2\/product"}],"about":[{"href":"https:\/\/sundar.be\/fr\/wp-json\/wp\/v2\/types\/product"}],"replies":[{"embeddable":true,"href":"https:\/\/sundar.be\/fr\/wp-json\/wp\/v2\/comments?post=41627"}],"wp:featuredmedia":[{"embeddable":true,"href":"https:\/\/sundar.be\/fr\/wp-json\/wp\/v2\/media\/41623"}],"wp:attachment":[{"href":"https:\/\/sundar.be\/fr\/wp-json\/wp\/v2\/media?parent=41627"}],"wp:term":[{"taxonomy":"product_brand","embeddable":true,"href":"https:\/\/sundar.be\/fr\/wp-json\/wp\/v2\/product_brand?post=41627"},{"taxonomy":"product_cat","embeddable":true,"href":"https:\/\/sundar.be\/fr\/wp-json\/wp\/v2\/product_cat?post=41627"},{"taxonomy":"product_tag","embeddable":true,"href":"https:\/\/sundar.be\/fr\/wp-json\/wp\/v2\/product_tag?post=41627"}],"curies":[{"name":"wp","href":"https:\/\/api.w.org\/{rel}","templated":true}]}}