{"id":41617,"date":"2024-10-01T13:29:17","date_gmt":"2024-10-01T11:31:34","guid":{"rendered":"https:\/\/sundar.be\/product\/eco-pince-a-double-articulation-machoires-plates-pointees-petite-135-cm\/"},"modified":"2025-03-13T12:43:10","modified_gmt":"2025-03-13T11:43:10","slug":"eco-pince-a-double-articulation-machoires-plates-pointees-petite-135-cm","status":"publish","type":"product","link":"https:\/\/sundar.be\/fr\/produit\/eco-pince-a-double-articulation-machoires-plates-pointees-petite-135-cm\/","title":{"rendered":"ECO Pince \u00e0 double articulation m\u00e2choires plates\/point\u00e9es (petite) 13,5 cm"},"content":{"rendered":"<p>Nous proposons une gamme d&rsquo;instruments moins chers sous notre propre label. Ces instruments ne peuvent en aucun cas \u00eatre compar\u00e9s aux autres instruments de notre gamme.  Les instruments ECO conviennent parfaitement pour d\u00e9buter en p\u00e9dicure. La double charni\u00e8re de cette pince permet de r\u00e9duire la force n\u00e9cessaire pour couper les clous et d&rsquo;\u00e9viter de se fatiguer la main.<\/p>\n","protected":false},"excerpt":{"rendered":"<p>Nous proposons une gamme d&rsquo;instruments moins chers sous notre propre label. Ces instruments ne peuvent en aucun cas \u00eatre compar\u00e9s aux autres instruments de notre gamme. Les instruments ECO conviennent parfaitement pour d\u00e9buter en p\u00e9dicure. La double charni\u00e8re de cette pince permet de r\u00e9duire la force n\u00e9cessaire pour couper les clous et d&rsquo;\u00e9viter de se [&hellip;]<\/p>\n","protected":false},"featured_media":41611,"comment_status":"open","ping_status":"closed","template":"","meta":{"_acf_changed":false},"product_brand":[],"product_cat":[4765,4296,4331,1429],"product_tag":[],"class_list":{"0":"post-41617","1":"product","2":"type-product","3":"status-publish","4":"has-post-thumbnail","6":"product_cat-matriel-de-pratique","7":"product_cat-pinces-instruments-pince-double-charniere","8":"product_cat-pinces-instruments-pinces","9":"product_cat-pinces-instruments","11":"first","12":"instock","13":"taxable","14":"shipping-taxable","15":"product-type-simple"},"acf":[],"_links":{"self":[{"href":"https:\/\/sundar.be\/fr\/wp-json\/wp\/v2\/product\/41617","targetHints":{"allow":["GET"]}}],"collection":[{"href":"https:\/\/sundar.be\/fr\/wp-json\/wp\/v2\/product"}],"about":[{"href":"https:\/\/sundar.be\/fr\/wp-json\/wp\/v2\/types\/product"}],"replies":[{"embeddable":true,"href":"https:\/\/sundar.be\/fr\/wp-json\/wp\/v2\/comments?post=41617"}],"wp:featuredmedia":[{"embeddable":true,"href":"https:\/\/sundar.be\/fr\/wp-json\/wp\/v2\/media\/41611"}],"wp:attachment":[{"href":"https:\/\/sundar.be\/fr\/wp-json\/wp\/v2\/media?parent=41617"}],"wp:term":[{"taxonomy":"product_brand","embeddable":true,"href":"https:\/\/sundar.be\/fr\/wp-json\/wp\/v2\/product_brand?post=41617"},{"taxonomy":"product_cat","embeddable":true,"href":"https:\/\/sundar.be\/fr\/wp-json\/wp\/v2\/product_cat?post=41617"},{"taxonomy":"product_tag","embeddable":true,"href":"https:\/\/sundar.be\/fr\/wp-json\/wp\/v2\/product_tag?post=41617"}],"curies":[{"name":"wp","href":"https:\/\/api.w.org\/{rel}","templated":true}]}}