{"id":41604,"date":"2024-10-01T13:26:25","date_gmt":"2024-10-01T11:27:29","guid":{"rendered":"https:\/\/sundar.be\/product\/eco-pince-a-double-charniere-plate-extra-fine\/"},"modified":"2025-03-13T12:43:02","modified_gmt":"2025-03-13T11:43:02","slug":"eco-pince-a-double-charniere-plate-extra-fine","status":"publish","type":"product","link":"https:\/\/sundar.be\/fr\/produit\/eco-pince-a-double-charniere-plate-extra-fine\/","title":{"rendered":"ECO Pince \u00e0 double charni\u00e8re plate extra fine"},"content":{"rendered":"<div class=\"single-product-overview-details__product-tab-text single-product-overview-details__product-tab-text--is-active\" data-tab=\"description\">\n<div class=\"single-product-overview-details__product-tab-text-description\">Ce coupe-ongles est dot\u00e9 d&rsquo;une double charni\u00e8re et est fabriqu\u00e9 en acier inoxydable. Le produit est utilis\u00e9 pour couper les ongles (des orteils) et est tr\u00e8s facile \u00e0 utiliser. <\/div>\n<\/div>\n","protected":false},"excerpt":{"rendered":"<p>Ce coupe-ongles est dot\u00e9 d&rsquo;une double charni\u00e8re et est fabriqu\u00e9 en acier inoxydable. Le produit est utilis\u00e9 pour couper les ongles (des orteils) et est tr\u00e8s facile \u00e0 utiliser.<\/p>\n","protected":false},"featured_media":41602,"comment_status":"open","ping_status":"closed","template":"","meta":{"_acf_changed":false},"product_brand":[],"product_cat":[4765,4296,4331,1429],"product_tag":[],"class_list":{"0":"post-41604","1":"product","2":"type-product","3":"status-publish","4":"has-post-thumbnail","6":"product_cat-matriel-de-pratique","7":"product_cat-pinces-instruments-pince-double-charniere","8":"product_cat-pinces-instruments-pinces","9":"product_cat-pinces-instruments","11":"first","12":"instock","13":"taxable","14":"shipping-taxable","15":"product-type-simple"},"acf":[],"_links":{"self":[{"href":"https:\/\/sundar.be\/fr\/wp-json\/wp\/v2\/product\/41604","targetHints":{"allow":["GET"]}}],"collection":[{"href":"https:\/\/sundar.be\/fr\/wp-json\/wp\/v2\/product"}],"about":[{"href":"https:\/\/sundar.be\/fr\/wp-json\/wp\/v2\/types\/product"}],"replies":[{"embeddable":true,"href":"https:\/\/sundar.be\/fr\/wp-json\/wp\/v2\/comments?post=41604"}],"wp:featuredmedia":[{"embeddable":true,"href":"https:\/\/sundar.be\/fr\/wp-json\/wp\/v2\/media\/41602"}],"wp:attachment":[{"href":"https:\/\/sundar.be\/fr\/wp-json\/wp\/v2\/media?parent=41604"}],"wp:term":[{"taxonomy":"product_brand","embeddable":true,"href":"https:\/\/sundar.be\/fr\/wp-json\/wp\/v2\/product_brand?post=41604"},{"taxonomy":"product_cat","embeddable":true,"href":"https:\/\/sundar.be\/fr\/wp-json\/wp\/v2\/product_cat?post=41604"},{"taxonomy":"product_tag","embeddable":true,"href":"https:\/\/sundar.be\/fr\/wp-json\/wp\/v2\/product_tag?post=41604"}],"curies":[{"name":"wp","href":"https:\/\/api.w.org\/{rel}","templated":true}]}}