{"id":41589,"date":"2024-10-01T11:25:58","date_gmt":"2024-10-01T09:27:25","guid":{"rendered":"https:\/\/sundar.be\/product\/pince-a-double-charniere-creuse-extra-fine\/"},"modified":"2025-03-13T12:49:21","modified_gmt":"2025-03-13T11:49:21","slug":"pince-a-double-charniere-creuse-extra-fine","status":"publish","type":"product","link":"https:\/\/sundar.be\/fr\/produit\/pince-a-double-charniere-creuse-extra-fine\/","title":{"rendered":"Pince \u00e0 double charni\u00e8re creuse extra fine"},"content":{"rendered":"<div class=\"single-product-overview-details__product-tab-text single-product-overview-details__product-tab-text--is-active\" data-tab=\"description\">\n<div class=\"single-product-overview-details__product-tab-text-description\">La double transmission est id\u00e9ale si vous devez appliquer beaucoup de force sur des ongles plus \u00e9pais. Les m\u00e2choires incurv\u00e9es arrondissent l&rsquo;ongle coup\u00e9. Ce coupe-ongles est d&rsquo;excellente qualit\u00e9 et convient parfaitement aux ongles crayeux.  <\/div>\n<\/div>\n","protected":false},"excerpt":{"rendered":"<p>La double transmission est id\u00e9ale si vous devez appliquer beaucoup de force sur des ongles plus \u00e9pais. Les m\u00e2choires incurv\u00e9es arrondissent l&rsquo;ongle coup\u00e9. Ce coupe-ongles est d&rsquo;excellente qualit\u00e9 et convient parfaitement aux ongles crayeux.<\/p>\n","protected":false},"featured_media":41582,"comment_status":"open","ping_status":"closed","template":"","meta":{"_acf_changed":false},"product_brand":[],"product_cat":[4765,4296,4331,1429],"product_tag":[],"class_list":{"0":"post-41589","1":"product","2":"type-product","3":"status-publish","4":"has-post-thumbnail","6":"product_cat-matriel-de-pratique","7":"product_cat-pinces-instruments-pince-double-charniere","8":"product_cat-pinces-instruments-pinces","9":"product_cat-pinces-instruments","11":"first","12":"instock","13":"taxable","14":"shipping-taxable","15":"product-type-simple"},"acf":[],"_links":{"self":[{"href":"https:\/\/sundar.be\/fr\/wp-json\/wp\/v2\/product\/41589","targetHints":{"allow":["GET"]}}],"collection":[{"href":"https:\/\/sundar.be\/fr\/wp-json\/wp\/v2\/product"}],"about":[{"href":"https:\/\/sundar.be\/fr\/wp-json\/wp\/v2\/types\/product"}],"replies":[{"embeddable":true,"href":"https:\/\/sundar.be\/fr\/wp-json\/wp\/v2\/comments?post=41589"}],"wp:featuredmedia":[{"embeddable":true,"href":"https:\/\/sundar.be\/fr\/wp-json\/wp\/v2\/media\/41582"}],"wp:attachment":[{"href":"https:\/\/sundar.be\/fr\/wp-json\/wp\/v2\/media?parent=41589"}],"wp:term":[{"taxonomy":"product_brand","embeddable":true,"href":"https:\/\/sundar.be\/fr\/wp-json\/wp\/v2\/product_brand?post=41589"},{"taxonomy":"product_cat","embeddable":true,"href":"https:\/\/sundar.be\/fr\/wp-json\/wp\/v2\/product_cat?post=41589"},{"taxonomy":"product_tag","embeddable":true,"href":"https:\/\/sundar.be\/fr\/wp-json\/wp\/v2\/product_tag?post=41589"}],"curies":[{"name":"wp","href":"https:\/\/api.w.org\/{rel}","templated":true}]}}