{"id":41584,"date":"2024-10-01T11:25:08","date_gmt":"2024-10-01T09:26:27","guid":{"rendered":"https:\/\/sundar.be\/product\/pince-a-double-levier-machoires-droites-sures-pour-le-diabete\/"},"modified":"2025-03-13T12:49:20","modified_gmt":"2025-03-13T11:49:20","slug":"pince-a-double-levier-machoires-droites-sures-pour-le-diabete","status":"publish","type":"product","link":"https:\/\/sundar.be\/fr\/produit\/pince-a-double-levier-machoires-droites-sures-pour-le-diabete\/","title":{"rendered":"Pince \u00e0 double levier M\u00e2choires droites s\u00fbres pour le diab\u00e8te"},"content":{"rendered":"<div class=\"single-product-overview-details__product-tab-text single-product-overview-details__product-tab-text--is-active\" data-tab=\"description\">\n<div class=\"single-product-overview-details__product-tab-text-description\">Coupe-ongles \u00e0 double levier avec m\u00e2choires droites.<\/div>\n<\/div>\n","protected":false},"excerpt":{"rendered":"<p>Coupe-ongles \u00e0 double levier avec m\u00e2choires droites.<\/p>\n","protected":false},"featured_media":41578,"comment_status":"open","ping_status":"closed","template":"","meta":{"_acf_changed":false},"product_brand":[],"product_cat":[4765,4296,4331,1429],"product_tag":[],"class_list":{"0":"post-41584","1":"product","2":"type-product","3":"status-publish","4":"has-post-thumbnail","6":"product_cat-matriel-de-pratique","7":"product_cat-pinces-instruments-pince-double-charniere","8":"product_cat-pinces-instruments-pinces","9":"product_cat-pinces-instruments","11":"first","12":"instock","13":"taxable","14":"shipping-taxable","15":"product-type-simple"},"acf":[],"_links":{"self":[{"href":"https:\/\/sundar.be\/fr\/wp-json\/wp\/v2\/product\/41584","targetHints":{"allow":["GET"]}}],"collection":[{"href":"https:\/\/sundar.be\/fr\/wp-json\/wp\/v2\/product"}],"about":[{"href":"https:\/\/sundar.be\/fr\/wp-json\/wp\/v2\/types\/product"}],"replies":[{"embeddable":true,"href":"https:\/\/sundar.be\/fr\/wp-json\/wp\/v2\/comments?post=41584"}],"wp:featuredmedia":[{"embeddable":true,"href":"https:\/\/sundar.be\/fr\/wp-json\/wp\/v2\/media\/41578"}],"wp:attachment":[{"href":"https:\/\/sundar.be\/fr\/wp-json\/wp\/v2\/media?parent=41584"}],"wp:term":[{"taxonomy":"product_brand","embeddable":true,"href":"https:\/\/sundar.be\/fr\/wp-json\/wp\/v2\/product_brand?post=41584"},{"taxonomy":"product_cat","embeddable":true,"href":"https:\/\/sundar.be\/fr\/wp-json\/wp\/v2\/product_cat?post=41584"},{"taxonomy":"product_tag","embeddable":true,"href":"https:\/\/sundar.be\/fr\/wp-json\/wp\/v2\/product_tag?post=41584"}],"curies":[{"name":"wp","href":"https:\/\/api.w.org\/{rel}","templated":true}]}}