{"id":41568,"date":"2024-10-01T11:21:19","date_gmt":"2024-10-01T09:22:23","guid":{"rendered":"https:\/\/sundar.be\/product\/diabete-pince-angulaire-extra-fine\/"},"modified":"2025-03-13T12:45:47","modified_gmt":"2025-03-13T11:45:47","slug":"diabete-pince-angulaire-extra-fine","status":"publish","type":"product","link":"https:\/\/sundar.be\/fr\/produit\/diabete-pince-angulaire-extra-fine\/","title":{"rendered":"Diab\u00e8te Pince angulaire extra fine"},"content":{"rendered":"<div class=\"single-product-overview-details__product-tab-text single-product-overview-details__product-tab-text--is-active\" data-tab=\"description\">\n<div class=\"single-product-overview-details__product-tab-text-description\">Le produit est utilis\u00e9 pour d\u00e9tacher la plaque de l&rsquo;ongle et est tr\u00e8s facile \u00e0 utiliser.<\/div>\n<\/div>\n","protected":false},"excerpt":{"rendered":"<p>Le produit est utilis\u00e9 pour d\u00e9tacher la plaque de l&rsquo;ongle et est tr\u00e8s facile \u00e0 utiliser.<\/p>\n","protected":false},"featured_media":41565,"comment_status":"open","ping_status":"closed","template":"","meta":{"_acf_changed":false},"product_brand":[],"product_cat":[4765,4331,4264,1429],"product_tag":[],"class_list":{"0":"post-41568","1":"product","2":"type-product","3":"status-publish","4":"has-post-thumbnail","6":"product_cat-matriel-de-pratique","7":"product_cat-pinces-instruments-pinces","8":"product_cat-pinces-instruments-pinces-a-coin","9":"product_cat-pinces-instruments","11":"first","12":"instock","13":"taxable","14":"shipping-taxable","15":"product-type-simple"},"acf":[],"_links":{"self":[{"href":"https:\/\/sundar.be\/fr\/wp-json\/wp\/v2\/product\/41568","targetHints":{"allow":["GET"]}}],"collection":[{"href":"https:\/\/sundar.be\/fr\/wp-json\/wp\/v2\/product"}],"about":[{"href":"https:\/\/sundar.be\/fr\/wp-json\/wp\/v2\/types\/product"}],"replies":[{"embeddable":true,"href":"https:\/\/sundar.be\/fr\/wp-json\/wp\/v2\/comments?post=41568"}],"wp:featuredmedia":[{"embeddable":true,"href":"https:\/\/sundar.be\/fr\/wp-json\/wp\/v2\/media\/41565"}],"wp:attachment":[{"href":"https:\/\/sundar.be\/fr\/wp-json\/wp\/v2\/media?parent=41568"}],"wp:term":[{"taxonomy":"product_brand","embeddable":true,"href":"https:\/\/sundar.be\/fr\/wp-json\/wp\/v2\/product_brand?post=41568"},{"taxonomy":"product_cat","embeddable":true,"href":"https:\/\/sundar.be\/fr\/wp-json\/wp\/v2\/product_cat?post=41568"},{"taxonomy":"product_tag","embeddable":true,"href":"https:\/\/sundar.be\/fr\/wp-json\/wp\/v2\/product_tag?post=41568"}],"curies":[{"name":"wp","href":"https:\/\/api.w.org\/{rel}","templated":true}]}}