{"id":41566,"date":"2024-10-01T11:20:27","date_gmt":"2024-10-01T09:20:27","guid":{"rendered":"https:\/\/sundar.be\/product\/combiped-pince-de-serrage\/"},"modified":"2025-03-13T12:46:11","modified_gmt":"2025-03-13T11:46:11","slug":"combiped-pince-de-serrage","status":"publish","type":"product","link":"https:\/\/sundar.be\/fr\/produit\/combiped-pince-de-serrage\/","title":{"rendered":"Combiped Pince de serrage"},"content":{"rendered":"<div class=\"single-product-overview-details__product-tab-text single-product-overview-details__product-tab-text--is-active\" data-tab=\"description\">\n<div class=\"single-product-overview-details__product-tab-text-description\">La pince de verrouillage sp\u00e9cialement con\u00e7ue pour la fixation COMBIped\u00ae garantit une manipulation optimale lors de la formation et de la fixation de la fixation. Les m\u00e2choires arrondies sont inclin\u00e9es vers le haut. Cela permet de fixer le clip par le haut dans n&rsquo;importe quelle position sans g\u00eaner les autres orteils du patient. En m\u00eame temps, le coussinet auto-adh\u00e9sif COMBIped\u00ae reste toujours flexible gr\u00e2ce \u00e0 la forme arrondie des m\u00e2choires et \u00e0 la petite surface de contact correspondante, et assure une parfaite prise lors de l&rsquo;encollage.   <\/div>\n<\/div>\n","protected":false},"excerpt":{"rendered":"<p>La pince de verrouillage sp\u00e9cialement con\u00e7ue pour la fixation COMBIped\u00ae garantit une manipulation optimale lors de la formation et de la fixation de la fixation. Les m\u00e2choires arrondies sont inclin\u00e9es vers le haut. Cela permet de fixer le clip par le haut dans n&rsquo;importe quelle position sans g\u00eaner les autres orteils du patient. En m\u00eame [&hellip;]<\/p>\n","protected":false},"featured_media":41562,"comment_status":"open","ping_status":"closed","template":"","meta":{"_acf_changed":false},"product_brand":[],"product_cat":[4765,4331,4295,1429],"product_tag":[],"class_list":{"0":"post-41566","1":"product","2":"type-product","3":"status-publish","4":"has-post-thumbnail","6":"product_cat-matriel-de-pratique","7":"product_cat-pinces-instruments-pinces","8":"product_cat-pinces-instrument-pinces-a-crochet","9":"product_cat-pinces-instruments","11":"first","12":"instock","13":"taxable","14":"shipping-taxable","15":"product-type-simple"},"acf":[],"_links":{"self":[{"href":"https:\/\/sundar.be\/fr\/wp-json\/wp\/v2\/product\/41566","targetHints":{"allow":["GET"]}}],"collection":[{"href":"https:\/\/sundar.be\/fr\/wp-json\/wp\/v2\/product"}],"about":[{"href":"https:\/\/sundar.be\/fr\/wp-json\/wp\/v2\/types\/product"}],"replies":[{"embeddable":true,"href":"https:\/\/sundar.be\/fr\/wp-json\/wp\/v2\/comments?post=41566"}],"wp:featuredmedia":[{"embeddable":true,"href":"https:\/\/sundar.be\/fr\/wp-json\/wp\/v2\/media\/41562"}],"wp:attachment":[{"href":"https:\/\/sundar.be\/fr\/wp-json\/wp\/v2\/media?parent=41566"}],"wp:term":[{"taxonomy":"product_brand","embeddable":true,"href":"https:\/\/sundar.be\/fr\/wp-json\/wp\/v2\/product_brand?post=41566"},{"taxonomy":"product_cat","embeddable":true,"href":"https:\/\/sundar.be\/fr\/wp-json\/wp\/v2\/product_cat?post=41566"},{"taxonomy":"product_tag","embeddable":true,"href":"https:\/\/sundar.be\/fr\/wp-json\/wp\/v2\/product_tag?post=41566"}],"curies":[{"name":"wp","href":"https:\/\/api.w.org\/{rel}","templated":true}]}}